{"id":48,"date":"2013-08-25T01:02:16","date_gmt":"2013-08-25T01:02:16","guid":{"rendered":"http:\/\/maquinasdetejer.wordpress.com\/?page_id=48"},"modified":"2019-07-18T19:16:12","modified_gmt":"2019-07-18T22:16:12","slug":"kauoheng","status":"publish","type":"page","link":"https:\/\/www.servotecnica.com.ar\/?page_id=48","title":{"rendered":"Kauo Heng"},"content":{"rendered":"<h3 style=\"text-align: center;\"><span style=\"color: #333300;\">HONESTIDAD , CONFIANZA, Y T\u00c9CNICA PROFESIONAL<\/span><\/h3>\n<p style=\"text-align: justify;\">Kauo Heng Precision Machinery Co., LTD . fue fundada en 1972 en Taipei,\u00a0Taiw\u00e1n. Y desde sus comienzos se dedic\u00f3 exclusivamente a la fabricaci\u00f3n de m\u00e1quinas de tejer rectil\u00edneas y computarizados; eficientes y de alta\u00a0calidad.<br \/>\nBasada en el desarrolo y la investigaci\u00f3n es capaz de fabricar m\u00e1quinas de excelente calidad, para satisfacer la demanda de un mercado mundial cada vez mas competitivo y exigente.<br \/>\nLa selecci\u00f3n de los materiales, los procesos de producci\u00f3n y las rigurosas pruebas aseguran la calidad constante y el justo equilibrio entre costo &#8211; prestaci\u00f3n.<br \/>\nUn equipo de ingenieros y t\u00e9cnicos experimentados garantizan el servicio post-venta y la provisi\u00f3n de repuestos a lo largo del tiempo de tal forma que clientes y usuarios puedan obtener de sus productos el m\u00e1ximo rendimiento y utilidad.<\/p>\n<p style=\"text-align: justify;\">Servotecnica representa a KAUO HENG en forma exclusiva en Argentina, Chile y Uruguay. Y est\u00e1 comprometida en su desarrollo comercial y t\u00e9cnico en toda Sud Am\u00e9rica.<br \/>\nDisponemos de todo sus modelos para la venta nacionalizadas o para importaci\u00f3n directa.<br \/>\nDisponemos, tambi\u00e9n, de los modelos mas buscados en stock permanente para entrega inmediata.<\/p>\n<div id=\"wa-id-2wwigg2hfv2l760\">\n<div align=\"left\">\n<h3 align=\"left\"><span style=\"text-decoration: underline;\"><span style=\"color: #808000; text-decoration: underline;\">M\u00e1quinas para cuellos, tiras y accesorios<\/span><\/span><\/h3>\n<p>&#8211; Selecci\u00f3n por tal\u00f3n alto y bajo, con o sin tranfer\u00e9ncia.<br \/>\n&#8211; Con o sin pista de platina adelante y atr\u00e1s.<br \/>\n&#8211; Recorrido variable.<br \/>\n&#8211; Anchos de frontura disponibles de 101cm; 137cm; 152cm; 254cm.<br \/>\n&#8211; Totalmente electr\u00f3nica (puntada, tiratela, variador).<br \/>\n&#8211; Galgas disponibles 7, 10, 12, 14, 16, 18, 20 y 22.<br \/>\n&#8211; Programaci\u00f3n muy simple en m\u00e1quina y\/o en PC.<br \/>\n&#8211; Monof\u00e1sica o trif\u00e1sica.\u00a0\u00a0Muy bajo consumo de energ\u00eda.<br \/>\n&#8211; Peque\u00f1o tama\u00f1o; gran productividad.<\/p>\n<h4><span style=\"color: #808000;\">Carro simple<\/span><a href=\"http:\/\/www.kauoheng.com.tw\/page_1.php?TVcode=11&amp;TVcode1=4&amp;TVcode2=4&amp;Vcode=2\" target=\"_blank\" rel=\"noopener noreferrer\"><img data-recalc-dims=\"1\" loading=\"lazy\" decoding=\"async\" data-attachment-id=\"624\" data-permalink=\"https:\/\/www.servotecnica.com.ar\/?attachment_id=624\" data-orig-file=\"https:\/\/i0.wp.com\/www.servotecnica.com.ar\/wp-content\/uploads\/2013\/09\/kh313-web.jpg?fit=380%2C365&amp;ssl=1\" data-orig-size=\"380,365\" data-comments-opened=\"1\" data-image-meta=\"{&quot;aperture&quot;:&quot;0&quot;,&quot;credit&quot;:&quot;&quot;,&quot;camera&quot;:&quot;&quot;,&quot;caption&quot;:&quot;&quot;,&quot;created_timestamp&quot;:&quot;0&quot;,&quot;copyright&quot;:&quot;&quot;,&quot;focal_length&quot;:&quot;0&quot;,&quot;iso&quot;:&quot;0&quot;,&quot;shutter_speed&quot;:&quot;0&quot;,&quot;title&quot;:&quot;&quot;}\" data-image-title=\"KH313 web\" data-image-description=\"\" data-image-caption=\"\" data-medium-file=\"https:\/\/i0.wp.com\/www.servotecnica.com.ar\/wp-content\/uploads\/2013\/09\/kh313-web.jpg?fit=300%2C288&amp;ssl=1\" data-large-file=\"https:\/\/i0.wp.com\/www.servotecnica.com.ar\/wp-content\/uploads\/2013\/09\/kh313-web.jpg?fit=380%2C365&amp;ssl=1\" class=\"alignright wp-image-624\" title=\"KH313\" src=\"http:\/\/maquinasdetejer.files.wordpress.com\/2013\/09\/kh313-web.jpg?w=150&#038;resize=120%2C115\" alt=\"KH313\" width=\"120\" height=\"115\" srcset=\"https:\/\/i0.wp.com\/www.servotecnica.com.ar\/wp-content\/uploads\/2013\/09\/kh313-web.jpg?w=380&amp;ssl=1 380w, https:\/\/i0.wp.com\/www.servotecnica.com.ar\/wp-content\/uploads\/2013\/09\/kh313-web.jpg?resize=300%2C288&amp;ssl=1 300w\" sizes=\"auto, (max-width: 120px) 100vw, 120px\" \/><\/a><\/h4>\n<div align=\"left\">\n<ul>\n<li><a title=\"Cat\u00e1logo del fabricante.\" href=\"http:\/\/www.kauoheng.com.tw\/page_1.php?TVcode=11&amp;TVcode1=4&amp;TVcode2=4&amp;Vcode=2\">KH-313<\/a><\/li>\n<li><a title=\"Cat\u00e1logo del fabricante.\" href=\"http:\/\/www.kauoheng.com.tw\/page_1.php?TVcode=11&amp;TVcode1=5&amp;TVcode2=6&amp;Vcode=4\" target=\"_blank\" rel=\"noopener noreferrer\">KH-313J (con platinas)<\/a><\/li>\n<li><a title=\"Cat\u00e1logo del fabricante.\" href=\"http:\/\/www.kauoheng.com.tw\/page_1.php?TVcode=11&amp;TVcode1=5&amp;TVcode2=6&amp;Vcode=5\" target=\"_blank\" rel=\"noopener noreferrer\">KH-313TJ (con transferencia)<\/a><\/li>\n<\/ul>\n<h4><span style=\"color: #808000;\">Carro tandem<\/span> \u00a0 \u00a0 \u00a0 \u00a0 \u00a0 \u00a0 \u00a0 \u00a0 \u00a0 \u00a0 \u00a0 \u00a0 \u00a0 \u00a0 \u00a0 \u00a0 \u00a0 \u00a0 \u00a0 \u00a0 \u00a0 \u00a0 \u00a0 \u00a0 \u00a0 \u00a0 \u00a0 \u00a0 \u00a0 \u00a0 \u00a0 \u00a0 \u00a0 \u00a0 \u00a0 \u00a0 \u00a0 \u00a0 \u00a0 \u00a0 \u00a0 \u00a0 \u00a0 \u00a0\u00a0<a href=\"http:\/\/www.kauoheng.com.tw\/page_1.php?TVcode=11&amp;TVcode1=4&amp;TVcode2=5&amp;Vcode=3\" target=\"_blank\" rel=\"noopener noreferrer\"><img data-recalc-dims=\"1\" loading=\"lazy\" decoding=\"async\" data-attachment-id=\"661\" data-permalink=\"https:\/\/www.servotecnica.com.ar\/?attachment_id=661\" data-orig-file=\"https:\/\/i0.wp.com\/www.servotecnica.com.ar\/wp-content\/uploads\/2013\/09\/kh323d_1.jpg?fit=320%2C198&amp;ssl=1\" data-orig-size=\"320,198\" data-comments-opened=\"1\" data-image-meta=\"{&quot;aperture&quot;:&quot;0&quot;,&quot;credit&quot;:&quot;&quot;,&quot;camera&quot;:&quot;&quot;,&quot;caption&quot;:&quot;&quot;,&quot;created_timestamp&quot;:&quot;0&quot;,&quot;copyright&quot;:&quot;&quot;,&quot;focal_length&quot;:&quot;0&quot;,&quot;iso&quot;:&quot;0&quot;,&quot;shutter_speed&quot;:&quot;0&quot;,&quot;title&quot;:&quot;&quot;}\" data-image-title=\"KH323D_1\" data-image-description=\"\" data-image-caption=\"\" data-medium-file=\"https:\/\/i0.wp.com\/www.servotecnica.com.ar\/wp-content\/uploads\/2013\/09\/kh323d_1.jpg?fit=300%2C185&amp;ssl=1\" data-large-file=\"https:\/\/i0.wp.com\/www.servotecnica.com.ar\/wp-content\/uploads\/2013\/09\/kh323d_1.jpg?fit=320%2C198&amp;ssl=1\" class=\"alignright wp-image-661\" title=\"KH323D\" src=\"https:\/\/i0.wp.com\/www.servotecnica.com.ar\/wp-content\/uploads\/2013\/09\/kh323d_1.jpg?resize=150%2C93&#038;ssl=1\" alt=\"KH323D\" width=\"150\" height=\"93\" srcset=\"https:\/\/i0.wp.com\/www.servotecnica.com.ar\/wp-content\/uploads\/2013\/09\/kh323d_1.jpg?resize=300%2C185&amp;ssl=1 300w, https:\/\/i0.wp.com\/www.servotecnica.com.ar\/wp-content\/uploads\/2013\/09\/kh323d_1.jpg?w=320&amp;ssl=1 320w\" sizes=\"auto, (max-width: 150px) 100vw, 150px\" \/><\/a><\/h4>\n<ul>\n<li><a title=\"Cat\u00e1logo del fabricante.\" href=\"http:\/\/www.kauoheng.com.tw\/page_1.php?TVcode=11&amp;TVcode1=4&amp;TVcode2=5&amp;Vcode=3\" target=\"_blank\" rel=\"noopener noreferrer\">KH-323D<\/a><\/li>\n<li><a title=\"Cat\u00e1logo del fabricante.\" href=\"http:\/\/www.kauoheng.com.tw\/page_1.php?TVcode=11&amp;TVcode1=5&amp;TVcode2=7&amp;Vcode=10\" target=\"_blank\" rel=\"noopener noreferrer\">KH-323DJ (con platinas)<\/a><\/li>\n<li><a title=\"Cat\u00e1logo del fabricante.\" href=\"http:\/\/www.kauoheng.com.tw\/page_1.php?TVcode=11&amp;TVcode1=5&amp;TVcode2=7&amp;Vcode=11\" target=\"_blank\" rel=\"noopener noreferrer\">KH-323DTJ (con transferencia)<\/a><\/li>\n<\/ul>\n<\/div>\n<h3 align=\"left\"><\/h3>\n<h3 align=\"left\"><span style=\"text-decoration: underline;\"><span style=\"color: #808000; text-decoration: underline;\">M\u00e1quinas \u00a0Jacquard\u00a0para cuellos, tiras y accesorios<\/span><\/span><\/h3>\n<p>&#8211; Sistema de selecci\u00f3n full Jacquard.<br \/>\n&#8211; Un carro de un sistemas o dos carros tandem de un sistema.<br \/>\n&#8211; Recorrido variable e inteligente.<br \/>\n&#8211; Con o sin transferencia.<br \/>\n&#8211; Frontura segmentada.<br \/>\n&#8211; Utilizan agujas standard y econ\u00f3micas.<br \/>\n&#8211; Tiratela y Tiratela suplementario.<br \/>\n&#8211; Programaci\u00f3n en m\u00e1quina o en sistema (PC).<br \/>\n&#8211; Acceso de datos USB + disco s\u00f3lido interno.<br \/>\n&#8211; Ancho de frontura disponibles: 101cm, 152cm, 203cm y 254cm.<br \/>\n&#8211; Galgas disponibles 7, 10, 12, 14, 16 y 18.<br \/>\n&#8211; Sistema de alimentaci\u00f3n AVR 3x380vac 50Hz.<\/p>\n<p><a href=\"http:\/\/www.kauoheng.com.tw\/page_1.php?TVcode=11&amp;TVcode1=6&amp;TVcode2=9&amp;TVcode3=&amp;K200=1\" target=\"_blank\" rel=\"noopener noreferrer\"><img data-recalc-dims=\"1\" loading=\"lazy\" decoding=\"async\" data-attachment-id=\"611\" data-permalink=\"https:\/\/www.servotecnica.com.ar\/?attachment_id=611\" data-orig-file=\"https:\/\/i0.wp.com\/www.servotecnica.com.ar\/wp-content\/uploads\/2013\/09\/kh112.gif?fit=386%2C206&amp;ssl=1\" data-orig-size=\"386,206\" data-comments-opened=\"1\" data-image-meta=\"{&quot;aperture&quot;:&quot;0&quot;,&quot;credit&quot;:&quot;&quot;,&quot;camera&quot;:&quot;&quot;,&quot;caption&quot;:&quot;&quot;,&quot;created_timestamp&quot;:&quot;0&quot;,&quot;copyright&quot;:&quot;&quot;,&quot;focal_length&quot;:&quot;0&quot;,&quot;iso&quot;:&quot;0&quot;,&quot;shutter_speed&quot;:&quot;0&quot;,&quot;title&quot;:&quot;&quot;}\" data-image-title=\"kh112\" data-image-description=\"\" data-image-caption=\"\" data-medium-file=\"https:\/\/i0.wp.com\/www.servotecnica.com.ar\/wp-content\/uploads\/2013\/09\/kh112.gif?fit=300%2C160&amp;ssl=1\" data-large-file=\"https:\/\/i0.wp.com\/www.servotecnica.com.ar\/wp-content\/uploads\/2013\/09\/kh112.gif?fit=386%2C206&amp;ssl=1\" class=\"alignright wp-image-611\" title=\"KH112\" src=\"https:\/\/i0.wp.com\/www.servotecnica.com.ar\/wp-content\/uploads\/2013\/09\/kh112.gif?resize=150%2C80&#038;ssl=1\" alt=\"KH112\" width=\"150\" height=\"80\" \/><\/a><\/p>\n<div align=\"left\">\n<ul>\n<li><a title=\"Cat\u00e1logo del fabricante.\" href=\"http:\/\/www.kauoheng.com.tw\/page_1.php?TVcode=11&amp;TVcode1=6&amp;TVcode2=8&amp;Vcode=23\" target=\"_blank\" rel=\"noopener noreferrer\">KH-100<\/a><\/li>\n<li><a title=\"Cat\u00e1logo del fabricante.\" href=\"http:\/\/www.kauoheng.com.tw\/page_1.php?TVcode=11&amp;TVcode1=6&amp;TVcode2=8&amp;Vcode=15\" target=\"_blank\" rel=\"noopener noreferrer\">KH-212HP<\/a><\/li>\n<\/ul>\n<\/div>\n<\/div>\n<\/div>\n<div id=\"wa-id-1fl3xs2gu31xyvy\">\n<div id=\"wa-id-1fl3xs2gu31xyvy\">\n<h3 align=\"left\"><\/h3>\n<h3 align=\"left\"><\/h3>\n<h3 align=\"left\"><span style=\"text-decoration: underline;\"><span style=\"color: #808000; text-decoration: underline;\">M\u00e1quinas Jacquard para sweaters<\/span><\/span><\/h3>\n<p>&#8211; Sistema de selecci\u00f3n full Jacquard.<br \/>\n&#8211; Uno o dos sistemas por carro. Un carro o dos carros tandem.<br \/>\n&#8211; Recorrido variable e inteligente.<br \/>\n&#8211; T\u00e9cnica de tres v\u00edas, con split.<br \/>\n&#8211; Frontura segmentada.<br \/>\n&#8211; Con o sin Pressjack (sinker).<br \/>\n&#8211; Tiratela y Tiratela suplementario.<br \/>\n&#8211; Con o sin Alimentadores positivos laterales.<br \/>\n&#8211; Programaci\u00f3n en m\u00e1quina o en sistema (PC).<br \/>\n&#8211; Acceso de datos USB + disco s\u00f3lido interno.<br \/>\n&#8211; Ancho de frontura disponibles: 101cm, 152cm, 203cm y 254cm.<br \/>\n&#8211; Galgas disponibles 3, 3.5, 4, 5, 7, 10, 12, 14 y 16.<br \/>\n&#8211; Sistema de alimentaci\u00f3n AVR 3x380vac 50Hz.<\/p>\n<p><a href=\"http:\/\/www.kauoheng.com.tw\/page_1.php?TVcode=12&amp;Vcode=20\" target=\"_blank\" rel=\"noopener noreferrer\"><img data-recalc-dims=\"1\" loading=\"lazy\" decoding=\"async\" class=\"alignright wp-image-2 size-thumbnail\" title=\"KH300\" src=\"http:\/\/maquinasdetejer.files.wordpress.com\/2013\/08\/kh300-web.jpg?w=150&#038;resize=150%2C89\" alt=\"KH300 web\" width=\"150\" height=\"89\" \/><\/a><\/p>\n<div>\n<ul>\n<li><a title=\"Cat\u00e1logo del fabricante.\" href=\"http:\/\/www.kauoheng.com.tw\/page_1.php?TVcode=12&amp;TVcode1=&amp;TVcode2=&amp;TVcode3=&amp;K200=0\" target=\"_blank\" rel=\"noopener noreferrer\">KH-300<\/a><\/li>\n<li><a title=\"Cat\u00e1logo del fabricante.\" href=\"http:\/\/www.kauoheng.com.tw\/page_1.php?TVcode=12&amp;TVcode1=&amp;TVcode2=&amp;TVcode3=&amp;K200=1\" target=\"_blank\" rel=\"noopener noreferrer\">KH-300HP<\/a><\/li>\n<\/ul>\n<h3><\/h3>\n<h3><span style=\"text-decoration: underline;\"><span style=\"color: #808000; text-decoration: underline;\">M\u00e1quinas para tiras intarsia<\/span><\/span><\/h3>\n<p>&#8211; Dos carros tandem de seis sistemas cada uno.<br \/>\n&#8211; Recorrido variable.<br \/>\n&#8211; Posibilidades: desde 2 tiras de 6 colores a 12 tiras de 1 color.<br \/>\n&#8211; Frontura segmentada.<br \/>\n&#8211; Utiliza agujas standard y econ\u00f3micas.<br \/>\n&#8211; Tiratela electr\u00f3nico.<br \/>\n&#8211; Paros electr\u00f3nicos.<br \/>\n&#8211; Dos velocidades independientes y controladas electr\u00f3nicamente.<br \/>\n&#8211; Ancho de frontura disponible: 66cm.<br \/>\n&#8211; Galgas disponibles 7, 10, 12, 14, 16\u00a0 y 18.<br \/>\n&#8211; Sistema de alimentaci\u00f3n monof\u00e1sio 220ac 50Hz.<\/p>\n<p><a href=\"http:\/\/www.kauoheng.com.tw\/page_1.php?TVcode=13&amp;Vcode=43\" target=\"_blank\" rel=\"noopener noreferrer\"><img data-recalc-dims=\"1\" loading=\"lazy\" decoding=\"async\" data-attachment-id=\"841\" data-permalink=\"https:\/\/www.servotecnica.com.ar\/?attachment_id=841\" data-orig-file=\"https:\/\/i0.wp.com\/www.servotecnica.com.ar\/wp-content\/uploads\/2013\/09\/kh-6d.gif?fit=198%2C271&amp;ssl=1\" data-orig-size=\"198,271\" data-comments-opened=\"1\" data-image-meta=\"{&quot;aperture&quot;:&quot;0&quot;,&quot;credit&quot;:&quot;&quot;,&quot;camera&quot;:&quot;&quot;,&quot;caption&quot;:&quot;&quot;,&quot;created_timestamp&quot;:&quot;0&quot;,&quot;copyright&quot;:&quot;&quot;,&quot;focal_length&quot;:&quot;0&quot;,&quot;iso&quot;:&quot;0&quot;,&quot;shutter_speed&quot;:&quot;0&quot;,&quot;title&quot;:&quot;&quot;}\" data-image-title=\"kh-6d\" data-image-description=\"\" data-image-caption=\"\" data-medium-file=\"https:\/\/i0.wp.com\/www.servotecnica.com.ar\/wp-content\/uploads\/2013\/09\/kh-6d.gif?fit=198%2C271&amp;ssl=1\" data-large-file=\"https:\/\/i0.wp.com\/www.servotecnica.com.ar\/wp-content\/uploads\/2013\/09\/kh-6d.gif?fit=198%2C271&amp;ssl=1\" class=\"alignright wp-image-841\" title=\"KH-6D\" src=\"http:\/\/maquinasdetejer.files.wordpress.com\/2013\/08\/kh-6d.gif?w=109&#038;resize=61%2C83\" alt=\"kh-6d\" width=\"61\" height=\"83\" \/><\/a><\/p>\n<ul>\n<li><a title=\"Cat\u00e1logo del fabricante.\" href=\"http:\/\/www.kauoheng.com.tw\/page_1.php?TVcode=13&amp;Vcode=43\" target=\"_blank\" rel=\"noopener noreferrer\">KH-6D<\/a><\/li>\n<\/ul>\n<\/div>\n<\/div>\n<\/div>\n","protected":false},"excerpt":{"rendered":"<p>HONESTIDAD , CONFIANZA, Y T\u00c9CNICA PROFESIONAL Kauo Heng Precision Machinery Co., LTD . fue fundada en 1972 en Taipei,\u00a0Taiw\u00e1n. Y desde sus comienzos se dedic\u00f3 exclusivamente a la fabricaci\u00f3n de m\u00e1quinas de tejer rectil\u00edneas y computarizados; eficientes y de alta\u00a0calidad. Basada en el desarrolo y la investigaci\u00f3n es capaz de fabricar m\u00e1quinas de excelente calidad, [&hellip;]<\/p>\n","protected":false},"author":2,"featured_media":835,"parent":0,"menu_order":0,"comment_status":"open","ping_status":"closed","template":"","meta":{"advanced_seo_description":"","jetpack_seo_html_title":"","jetpack_seo_noindex":false,"jetpack_post_was_ever_published":false,"footnotes":""},"class_list":["post-48","page","type-page","status-publish","has-post-thumbnail","hentry"],"jetpack_shortlink":"https:\/\/wp.me\/P40ZhR-M","jetpack_sharing_enabled":true,"_links":{"self":[{"href":"https:\/\/www.servotecnica.com.ar\/index.php?rest_route=\/wp\/v2\/pages\/48","targetHints":{"allow":["GET"]}}],"collection":[{"href":"https:\/\/www.servotecnica.com.ar\/index.php?rest_route=\/wp\/v2\/pages"}],"about":[{"href":"https:\/\/www.servotecnica.com.ar\/index.php?rest_route=\/wp\/v2\/types\/page"}],"author":[{"embeddable":true,"href":"https:\/\/www.servotecnica.com.ar\/index.php?rest_route=\/wp\/v2\/users\/2"}],"replies":[{"embeddable":true,"href":"https:\/\/www.servotecnica.com.ar\/index.php?rest_route=%2Fwp%2Fv2%2Fcomments&post=48"}],"version-history":[{"count":11,"href":"https:\/\/www.servotecnica.com.ar\/index.php?rest_route=\/wp\/v2\/pages\/48\/revisions"}],"predecessor-version":[{"id":28124,"href":"https:\/\/www.servotecnica.com.ar\/index.php?rest_route=\/wp\/v2\/pages\/48\/revisions\/28124"}],"wp:featuredmedia":[{"embeddable":true,"href":"https:\/\/www.servotecnica.com.ar\/index.php?rest_route=\/wp\/v2\/media\/835"}],"wp:attachment":[{"href":"https:\/\/www.servotecnica.com.ar\/index.php?rest_route=%2Fwp%2Fv2%2Fmedia&parent=48"}],"curies":[{"name":"wp","href":"https:\/\/api.w.org\/{rel}","templated":true}]}}