{"id":542,"date":"2013-09-03T00:35:58","date_gmt":"2013-09-03T00:35:58","guid":{"rendered":"http:\/\/maquinasdetejer.wordpress.com\/?page_id=542"},"modified":"2017-05-12T13:44:41","modified_gmt":"2017-05-12T16:44:41","slug":"corghi","status":"publish","type":"page","link":"https:\/\/www.servotecnica.com.ar\/?page_id=542","title":{"rendered":"TMART CORGHI"},"content":{"rendered":"<h1>&nbsp;&nbsp;<span style=\"color: #ffcc00;\"><strong>FLEXIBILIDAD, COMPETITIVIDAD Y ALTA CALIDAD<\/strong><\/span><\/h1>\n<p style=\"text-align: justify;\">La historia de Corghi SPA comienza en la regi\u00f3n de Emilia, en Italia por el a\u00f1o 1954 cuando los hermanos Corghi fundaron la Corghi elettromeccanica.<br \/>\nYa en el a\u00f1o 1957 fabricaban bobinadoras y reparadoras para la industria&nbsp;textil italiana.<br \/>\nActualmente, basados en los principios que impusieran sus fundadores y en&nbsp;la enorme experiencia cosechada, producen una amplia y diversa gama de m\u00e1quinas de alta calidad destinadas a satisfacer cada necesidad especifica en la industria de la hilatura textil.<br \/>\nLos clientes de Corghi en el negocio textil incluyen empresas peque\u00f1as y medianas, los gigantes de la industria y los grandes consorcios industriales, todas con diferentes necesidades y un objetivo com\u00fan: mantener una posici\u00f3n de liderazgo en el mercado, ofreciendo un producto competitivo y de alta calidad.<\/p>\n<p>Servotecnica trabaja junto a TMART CORGHI representando todos sus productos textiles en Argentina y el los pa\u00edses del cono sur a trav\u00e9s de sus agentes locales.<br \/>\nColaborando en todos los \u00e1mbitos para alcanzar esos objetivos.<\/p>\n<h2>&nbsp;<\/h2>\n<h2><span style=\"text-decoration: underline; color: #000000;\">ENCONADORAS &#8211; REPASADORAS<\/span><\/h2>\n<p>&nbsp;<\/p>\n<h3><span style=\"color: #808080;\"><strong>BR-RW2&nbsp;<\/strong><\/span><strong style=\"color: #808080; line-height: 1.09091;\">(Cono a cono de altas prestaciones)<\/strong><\/h3>\n<h3><span style=\"color: #808080;\"><strong><a href=\"http:\/\/www.corghitextile.com\/roccatrici_ad_alte_prestazioni.php\" target=\"_blank\" rel=\"noopener noreferrer\"><img data-recalc-dims=\"1\" loading=\"lazy\" decoding=\"async\" data-attachment-id=\"27197\" data-permalink=\"https:\/\/www.servotecnica.com.ar\/?attachment_id=27197\" data-orig-file=\"https:\/\/i0.wp.com\/www.servotecnica.com.ar\/wp-content\/uploads\/2015\/12\/roccatrice_ad_alte_prestazioni.jpg?fit=400%2C280&amp;ssl=1\" data-orig-size=\"400,280\" data-comments-opened=\"1\" data-image-meta=\"{&quot;aperture&quot;:&quot;0&quot;,&quot;credit&quot;:&quot;&quot;,&quot;camera&quot;:&quot;&quot;,&quot;caption&quot;:&quot;&quot;,&quot;created_timestamp&quot;:&quot;0&quot;,&quot;copyright&quot;:&quot;&quot;,&quot;focal_length&quot;:&quot;0&quot;,&quot;iso&quot;:&quot;0&quot;,&quot;shutter_speed&quot;:&quot;0&quot;,&quot;title&quot;:&quot;&quot;,&quot;orientation&quot;:&quot;0&quot;}\" data-image-title=\"roccatrice_ad_alte_prestazioni\" data-image-description=\"\" data-image-caption=\"\" data-medium-file=\"https:\/\/i0.wp.com\/www.servotecnica.com.ar\/wp-content\/uploads\/2015\/12\/roccatrice_ad_alte_prestazioni.jpg?fit=300%2C210&amp;ssl=1\" data-large-file=\"https:\/\/i0.wp.com\/www.servotecnica.com.ar\/wp-content\/uploads\/2015\/12\/roccatrice_ad_alte_prestazioni.jpg?fit=400%2C280&amp;ssl=1\" class=\"alignright wp-image-27197\" title=\"Enconcadora Parafinadora\" src=\"https:\/\/i0.wp.com\/www.servotecnica.com.ar\/wp-content\/uploads\/2015\/12\/roccatrice_ad_alte_prestazioni.jpg?resize=210%2C147&#038;ssl=1\" alt=\"roccatrice_ad_alte_prestazioni\" width=\"210\" height=\"147\" srcset=\"https:\/\/i0.wp.com\/www.servotecnica.com.ar\/wp-content\/uploads\/2015\/12\/roccatrice_ad_alte_prestazioni.jpg?w=400&amp;ssl=1 400w, https:\/\/i0.wp.com\/www.servotecnica.com.ar\/wp-content\/uploads\/2015\/12\/roccatrice_ad_alte_prestazioni.jpg?resize=300%2C210&amp;ssl=1 300w\" sizes=\"auto, (max-width: 210px) 100vw, 210px\" \/><\/a><\/strong><\/span><\/h3>\n<ul>\n<li>Velocidad regulable electr\u00f3nicamente 300 a 1400Mts\/min.<\/li>\n<li>Control total programable a trav\u00e9s de Intelli Win Touch.<\/li>\n<li>Rotoconos con motor independiente por tracci\u00f3n directa (sin correas).<\/li>\n<li>Control electr\u00f3nico de cordones configurable. (Conos perfectos)<\/li>\n<li>Paros por falla totalmente electr\u00f3nicos. (Sin movimientos ni desgastes)<\/li>\n<li>Control de conos por peso, di\u00e1metro o longitud del hilo.<\/li>\n<li>Parafinadores motorizados.<\/li>\n<li>Muy bajo consumo de energ\u00eda.<\/li>\n<li>Muy bajo nivel de ruido.<\/li>\n<li>Tecnolog\u00eda modular; expandible hasta 60 husos. En m\u00f3dulos de 6 o doce husos.<\/li>\n<li>Disponible para tubos o conos de 3\u00b030, 4\u00b020\u2019, 5\u00b057, 9\u00b015\u2019<\/li>\n<li>Para conos de 5&#8243;, 6&#8243;, 8&#8243; y 10&#8243; de largo.<\/li>\n<li>Alimentaci\u00f3n 3x380Vac 50Hz<\/li>\n<\/ul>\n<h3><span style=\"color: #0000ff;\"><strong>BR-RW (Cono a cono)<\/strong><\/span><\/h3>\n<p><a href=\"http:\/\/www.corghitextile.com\/roccatrici_per_ripasso_br_rw.php\" target=\"_blank\" rel=\"noopener noreferrer\"><img data-recalc-dims=\"1\" loading=\"lazy\" decoding=\"async\" data-attachment-id=\"142\" data-permalink=\"https:\/\/www.servotecnica.com.ar\/?attachment_id=142\" data-orig-file=\"https:\/\/i0.wp.com\/www.servotecnica.com.ar\/wp-content\/uploads\/2013\/09\/br_rewinding.jpg?fit=300%2C255&amp;ssl=1\" data-orig-size=\"300,255\" data-comments-opened=\"1\" data-image-meta=\"{&quot;aperture&quot;:&quot;0&quot;,&quot;credit&quot;:&quot;&quot;,&quot;camera&quot;:&quot;&quot;,&quot;caption&quot;:&quot;&quot;,&quot;created_timestamp&quot;:&quot;0&quot;,&quot;copyright&quot;:&quot;&quot;,&quot;focal_length&quot;:&quot;0&quot;,&quot;iso&quot;:&quot;0&quot;,&quot;shutter_speed&quot;:&quot;0&quot;,&quot;title&quot;:&quot;&quot;}\" data-image-title=\"br_rewinding\" data-image-description=\"\" data-image-caption=\"&lt;p&gt;Enconadoras&lt;\/p&gt;\n\" data-medium-file=\"https:\/\/i0.wp.com\/www.servotecnica.com.ar\/wp-content\/uploads\/2013\/09\/br_rewinding.jpg?fit=300%2C255&amp;ssl=1\" data-large-file=\"https:\/\/i0.wp.com\/www.servotecnica.com.ar\/wp-content\/uploads\/2013\/09\/br_rewinding.jpg?fit=300%2C255&amp;ssl=1\" class=\"alignright wp-image-142\" title=\"Enconadora Parafinadora Conicaleira\" src=\"http:\/\/maquinasdetejer.files.wordpress.com\/2013\/09\/br_rewinding.jpg?resize=200%2C170\" alt=\"br_rewinding\" width=\"200\" height=\"170\"><\/a><\/p>\n<ul>\n<li>Velocidad regulable electr\u00f3nicamente 300 a 1400Mts\/min.<\/li>\n<li>Rotoconos con motor independiente por tracci\u00f3n directa (sin correas).<\/li>\n<li>Control electr\u00f3nico de cordones configurable. (Conos perfectos)<\/li>\n<li>Paros por falla totalmente electr\u00f3nicos. (Sin movimientos ni desgastes)<\/li>\n<li>Parafinadores motorizados.<\/li>\n<li>Muy bajo consumo de energ\u00eda.<\/li>\n<li>Muy bajo nivel de ruido.<\/li>\n<li>Tecnolog\u00eda modular; expandible hasta 60 husos. En m\u00f3dulos de 6 o doce husos.<\/li>\n<li>Disponible para tubos o conos de 3\u00b030, 4\u00b020\u2019, 5\u00b057, 9\u00b015\u2019<\/li>\n<li>Para conos de 5&#8243;, 6&#8243;, 8&#8243; y 10&#8243; de largo.<\/li>\n<li>Alimentaci\u00f3n 3x380Vac 50Hz<\/li>\n<\/ul>\n<h2>&nbsp;<\/h2>\n<p>&nbsp;<\/p>\n<h3><span style=\"color: #0000ff;\">BR-RW\/2 (Cono a cono)<\/span><span style=\"text-decoration: underline;\"><span style=\"color: #808080;\"><a style=\"color: #808080;\" href=\"http:\/\/maquinasdetejer.files.wordpress.com\/2013\/09\/br21.jpg\" target=\"_blank\" rel=\"noopener noreferrer\"><img data-recalc-dims=\"1\" loading=\"lazy\" decoding=\"async\" data-attachment-id=\"585\" data-permalink=\"https:\/\/www.servotecnica.com.ar\/?attachment_id=585\" data-orig-file=\"https:\/\/i0.wp.com\/www.servotecnica.com.ar\/wp-content\/uploads\/2013\/09\/br21.jpg?fit=221%2C300&amp;ssl=1\" data-orig-size=\"221,300\" data-comments-opened=\"1\" data-image-meta=\"{&quot;aperture&quot;:&quot;0&quot;,&quot;credit&quot;:&quot;&quot;,&quot;camera&quot;:&quot;&quot;,&quot;caption&quot;:&quot;&quot;,&quot;created_timestamp&quot;:&quot;0&quot;,&quot;copyright&quot;:&quot;&quot;,&quot;focal_length&quot;:&quot;0&quot;,&quot;iso&quot;:&quot;0&quot;,&quot;shutter_speed&quot;:&quot;0&quot;,&quot;title&quot;:&quot;\\u00054.1.1&quot;}\" data-image-title=\"BR-RW2\" data-image-description=\"\" data-image-caption=\"\" data-medium-file=\"https:\/\/i0.wp.com\/www.servotecnica.com.ar\/wp-content\/uploads\/2013\/09\/br21.jpg?fit=221%2C300&amp;ssl=1\" data-large-file=\"https:\/\/i0.wp.com\/www.servotecnica.com.ar\/wp-content\/uploads\/2013\/09\/br21.jpg?fit=221%2C300&amp;ssl=1\" class=\"alignright wp-image-585 size-thumbnail\" title=\"Enconadora Parafinadora Conicaleira Conera\" src=\"https:\/\/i0.wp.com\/www.servotecnica.com.ar\/wp-content\/uploads\/2013\/09\/br21.jpg?resize=100%2C100&#038;ssl=1\" alt=\"BR-RW2\" width=\"100\" height=\"100\" srcset=\"https:\/\/i0.wp.com\/www.servotecnica.com.ar\/wp-content\/uploads\/2013\/09\/br21.jpg?resize=150%2C150&amp;ssl=1 150w, https:\/\/i0.wp.com\/www.servotecnica.com.ar\/wp-content\/uploads\/2013\/09\/br21.jpg?zoom=2&amp;resize=100%2C100&amp;ssl=1 200w\" sizes=\"auto, (max-width: 100px) 100vw, 100px\" \/><\/a><\/span><\/span><\/h3>\n<ul>\n<li>Velocidad regulable electr\u00f3nicamente 300 a 1200Mts\/min.<\/li>\n<li>Rotoconos con motor independiente por tracci\u00f3n directa (sin correas).<\/li>\n<li>Control electr\u00f3nico de cordones configurable. (Conos perfectos)<\/li>\n<li>Paros por falla totalmente electr\u00f3nicos. (Sin movimientos ni desgastes)<\/li>\n<li>Parafinadores motorizados.<\/li>\n<li>Muy bajo consumo de energ\u00eda.<\/li>\n<li>Muy bajo nivel de ruido.<\/li>\n<li>Disponible 2 o 4 husos.<\/li>\n<li>Disponible para tubos o conos de 3\u00b030, 4\u00b020\u2019, 5\u00b057, 9\u00b015\u2019<\/li>\n<li>Para conos de 5&#8243;, 6&#8243;, 8&#8243; y 10&#8243; de largo.<\/li>\n<li>Alimentaci\u00f3n 1x220Vac 50Hz (monof\u00e1sica).<\/li>\n<\/ul>\n<h3>&nbsp;<\/h3>\n<p>&nbsp;<\/p>\n<h3><span style=\"color: #0000ff;\"><span style=\"color: #808080;\">BR-HC (Madeja a cono \/ cono a cono)<a style=\"color: #808080;\" href=\"http:\/\/www.corghitextile.com\/roccatrici_per_ripasso_br_hc.php\" target=\"_blank\" rel=\"noopener noreferrer\"><img data-recalc-dims=\"1\" loading=\"lazy\" decoding=\"async\" data-attachment-id=\"27196\" data-permalink=\"https:\/\/www.servotecnica.com.ar\/?attachment_id=27196\" data-orig-file=\"https:\/\/i0.wp.com\/www.servotecnica.com.ar\/wp-content\/uploads\/2015\/12\/dipanatrice_roccatrice.jpg?fit=400%2C300&amp;ssl=1\" data-orig-size=\"400,300\" data-comments-opened=\"1\" data-image-meta=\"{&quot;aperture&quot;:&quot;0&quot;,&quot;credit&quot;:&quot;&quot;,&quot;camera&quot;:&quot;&quot;,&quot;caption&quot;:&quot;&quot;,&quot;created_timestamp&quot;:&quot;0&quot;,&quot;copyright&quot;:&quot;&quot;,&quot;focal_length&quot;:&quot;0&quot;,&quot;iso&quot;:&quot;0&quot;,&quot;shutter_speed&quot;:&quot;0&quot;,&quot;title&quot;:&quot;&quot;,&quot;orientation&quot;:&quot;0&quot;}\" data-image-title=\"Devanadora\" data-image-description=\"\" data-image-caption=\"\" data-medium-file=\"https:\/\/i0.wp.com\/www.servotecnica.com.ar\/wp-content\/uploads\/2015\/12\/dipanatrice_roccatrice.jpg?fit=300%2C225&amp;ssl=1\" data-large-file=\"https:\/\/i0.wp.com\/www.servotecnica.com.ar\/wp-content\/uploads\/2015\/12\/dipanatrice_roccatrice.jpg?fit=400%2C300&amp;ssl=1\" class=\"alignright wp-image-27196\" title=\"Devanadora Parafinadora Enconadora Enrolador\" src=\"https:\/\/i0.wp.com\/www.servotecnica.com.ar\/wp-content\/uploads\/2015\/12\/dipanatrice_roccatrice.jpg?resize=200%2C150&#038;ssl=1\" alt=\"dipanatrice_roccatrice\" width=\"200\" height=\"150\" srcset=\"https:\/\/i0.wp.com\/www.servotecnica.com.ar\/wp-content\/uploads\/2015\/12\/dipanatrice_roccatrice.jpg?resize=300%2C225&amp;ssl=1 300w, https:\/\/i0.wp.com\/www.servotecnica.com.ar\/wp-content\/uploads\/2015\/12\/dipanatrice_roccatrice.jpg?w=400&amp;ssl=1 400w\" sizes=\"auto, (max-width: 200px) 100vw, 200px\" \/><\/a>&nbsp;<\/span>&nbsp;<\/span><\/h3>\n<ul>\n<li>Velocidad regulable electr\u00f3nicamente 0<br \/>\na 800Mts\/min independiente huso por huso.<\/li>\n<li>Arranque suave independiente por uso (evita los cortes por tirones)<\/li>\n<li>Rotoconos con motor independiente por tracci\u00f3n directa (sin correas).<\/li>\n<li>Control electr\u00f3nico de cordones configurable. (Conos perfectos)<\/li>\n<li>Paros por falla totalmente electr\u00f3nicos. (Sin movimientos ni desgastes).<\/li>\n<li>Control electr\u00f3nico INTELLI-WIND touch (control total sobre todas las funciones).<\/li>\n<li>Parafinadores motorizados.<\/li>\n<li>Tensionadores autolimpiantes.<\/li>\n<li>Bajo consumo de energ\u00eda.<\/li>\n<li>Muy bajo nivel de ruido.<\/li>\n<li>Tecnolog\u00eda modular; expandible hasta 48 usos. En m\u00f3dulos de 4&nbsp;husos.<\/li>\n<li>Disponible para tubos o conos de 4\u00b020\u2019, 5\u00b057\u2019.<\/li>\n<li>Para conos de &nbsp;6&#8243;, 8&#8243; y 10&#8243; de largo.<\/li>\n<li>Alimentaci\u00f3n 3x380Vac 50\/60Hz<\/li>\n<\/ul>\n<h2><span style=\"text-decoration: underline; color: #000000;\">REPASADORAS &#8211; ENSAMBLADORAS<\/span><\/h2>\n<h3><span style=\"color: #0000ff;\">BR-AS5<\/span><\/h3>\n<ul>\n<li>5 husos o 10 husos (doble cara).<a href=\"http:\/\/www.corghitextile.com\/binatrici.php\" target=\"_blank\" rel=\"noopener noreferrer\"><img data-recalc-dims=\"1\" loading=\"lazy\" decoding=\"async\" class=\"alignright\" title=\"BR-AS\" src=\"http:\/\/maquinasdetejer.files.wordpress.com\/2013\/09\/br-as.jpg?w=150&#038;resize=150%2C96\" alt=\"BR-AS\" width=\"150\" height=\"96\"><\/a><\/li>\n<li>Rotoconos con motor independiente con tracci\u00f3n directa (sin correas).<\/li>\n<li>Velocidad regulable electr\u00f3nicamente 300 a 1400Mts\/min.<\/li>\n<li>Control electr\u00f3nico y configurable de cordones. (Conos perfectos)<\/li>\n<li>Paros por falla electr\u00f3nicos. (Sin movimientos ni desgastes)<\/li>\n<li>Disponile para tubos de 6&#8243;.<\/li>\n<li>Doble sensore de hilo por uso.<\/li>\n<li>Muy bajo consumo de energ\u00eda.<\/li>\n<li>Muy bajo nivel de ruido.<\/li>\n<li>Alimentaci\u00f3n 3x380Vac 50Hz<\/li>\n<\/ul>\n<h2>&nbsp;<\/h2>\n<h2><span style=\"text-decoration: underline; color: #000000;\">ENCONADORAS PARA TE\u00d1IDO &#8211; SOFTWINDING<\/span><\/h2>\n<h3><span style=\"color: #0000ff;\"><span style=\"color: #808080;\">BR-AP2 (CONOS DE ALTA DENSIDAD)<\/span><a href=\"http:\/\/www.corghitextile.com\/roccatrici_per_rocche_alta_densita.php\" target=\"_blank\" rel=\"noopener noreferrer\"><img data-recalc-dims=\"1\" loading=\"lazy\" decoding=\"async\" data-attachment-id=\"27195\" data-permalink=\"https:\/\/www.servotecnica.com.ar\/?attachment_id=27195\" data-orig-file=\"https:\/\/i0.wp.com\/www.servotecnica.com.ar\/wp-content\/uploads\/2015\/12\/br_softwinding_ap2.png?fit=400%2C269&amp;ssl=1\" data-orig-size=\"400,269\" data-comments-opened=\"1\" data-image-meta=\"{&quot;aperture&quot;:&quot;0&quot;,&quot;credit&quot;:&quot;&quot;,&quot;camera&quot;:&quot;&quot;,&quot;caption&quot;:&quot;&quot;,&quot;created_timestamp&quot;:&quot;0&quot;,&quot;copyright&quot;:&quot;&quot;,&quot;focal_length&quot;:&quot;0&quot;,&quot;iso&quot;:&quot;0&quot;,&quot;shutter_speed&quot;:&quot;0&quot;,&quot;title&quot;:&quot;&quot;,&quot;orientation&quot;:&quot;0&quot;}\" data-image-title=\"br_softwinding_ap2\" data-image-description=\"\" data-image-caption=\"\" data-medium-file=\"https:\/\/i0.wp.com\/www.servotecnica.com.ar\/wp-content\/uploads\/2015\/12\/br_softwinding_ap2.png?fit=300%2C202&amp;ssl=1\" data-large-file=\"https:\/\/i0.wp.com\/www.servotecnica.com.ar\/wp-content\/uploads\/2015\/12\/br_softwinding_ap2.png?fit=400%2C269&amp;ssl=1\" class=\"alignright wp-image-27195\" src=\"https:\/\/i0.wp.com\/www.servotecnica.com.ar\/wp-content\/uploads\/2015\/12\/br_softwinding_ap2.png?resize=210%2C141&#038;ssl=1\" alt=\"br_softwinding_ap2\" width=\"210\" height=\"141\" srcset=\"https:\/\/i0.wp.com\/www.servotecnica.com.ar\/wp-content\/uploads\/2015\/12\/br_softwinding_ap2.png?w=400&amp;ssl=1 400w, https:\/\/i0.wp.com\/www.servotecnica.com.ar\/wp-content\/uploads\/2015\/12\/br_softwinding_ap2.png?resize=300%2C202&amp;ssl=1 300w\" sizes=\"auto, (max-width: 210px) 100vw, 210px\" \/><\/a><br \/>\n<\/span><\/h3>\n<ul>\n<li>Velocidad regulable electr\u00f3nicamente 300 a 1400Mts\/min.<\/li>\n<li>Rotoconos con motor independiente por tracci\u00f3n directa (sin correas).<\/li>\n<li>Movimiento axial controlado (densidad uniforme).<\/li>\n<li>Tecnolog\u00eda PATERN FREE. Elimina por completo el efecto de acordonadura consiguiendo el mismo resultado que las m\u00e1quinas de guiahilo electr\u00f3nico<\/li>\n<li>Paros por falla totalmente electr\u00f3nicos. (Sin movimientos ni desgastes).<\/li>\n<li>Control por computadora con el software INTELLI-WIND touch (conos de alt\u00edsima calidad).<\/li>\n<li>Muy bajo consumo de energ\u00eda.<\/li>\n<li>Muy bajo nivel de ruido.<\/li>\n<li>Tecnolog\u00eda modular; expandible hasta 60 husos. En m\u00f3dulos de 6 o 12 husos.<\/li>\n<li>Disponible para conos &nbsp;3\u00b030, 4\u00b020\u2019 y tubos.<\/li>\n<li>Disponible para conos de 6&#8243; de largo.<\/li>\n<li>Alimentaci\u00f3n 3x380Vac 50Hz<\/li>\n<\/ul>\n<h3><span style=\"color: #0000ff;\">BR-SOFT<\/span><a href=\"http:\/\/www.corghitextile.com\/roccatrici_per_ripasso_br_soft.php\" target=\"_blank\" rel=\"noopener noreferrer\"><img data-recalc-dims=\"1\" loading=\"lazy\" decoding=\"async\" data-attachment-id=\"881\" data-permalink=\"https:\/\/www.servotecnica.com.ar\/?attachment_id=881\" data-orig-file=\"https:\/\/i0.wp.com\/www.servotecnica.com.ar\/wp-content\/uploads\/2013\/09\/br_soft.jpg?fit=400%2C194&amp;ssl=1\" data-orig-size=\"400,194\" data-comments-opened=\"1\" data-image-meta=\"{&quot;aperture&quot;:&quot;0&quot;,&quot;credit&quot;:&quot;&quot;,&quot;camera&quot;:&quot;&quot;,&quot;caption&quot;:&quot;&quot;,&quot;created_timestamp&quot;:&quot;0&quot;,&quot;copyright&quot;:&quot;&quot;,&quot;focal_length&quot;:&quot;0&quot;,&quot;iso&quot;:&quot;0&quot;,&quot;shutter_speed&quot;:&quot;0&quot;,&quot;title&quot;:&quot;&quot;}\" data-image-title=\"br_soft\" data-image-description=\"\" data-image-caption=\"\" data-medium-file=\"https:\/\/i0.wp.com\/www.servotecnica.com.ar\/wp-content\/uploads\/2013\/09\/br_soft.jpg?fit=300%2C145&amp;ssl=1\" data-large-file=\"https:\/\/i0.wp.com\/www.servotecnica.com.ar\/wp-content\/uploads\/2013\/09\/br_soft.jpg?fit=400%2C194&amp;ssl=1\" class=\"alignright wp-image-881\" title=\"BR-SOFT\" src=\"http:\/\/maquinasdetejer.files.wordpress.com\/2013\/09\/br_soft.jpg?w=150&#038;resize=200%2C97\" alt=\"br_soft\" width=\"200\" height=\"97\" srcset=\"https:\/\/i0.wp.com\/www.servotecnica.com.ar\/wp-content\/uploads\/2013\/09\/br_soft.jpg?w=400&amp;ssl=1 400w, https:\/\/i0.wp.com\/www.servotecnica.com.ar\/wp-content\/uploads\/2013\/09\/br_soft.jpg?resize=300%2C145&amp;ssl=1 300w\" sizes=\"auto, (max-width: 200px) 100vw, 200px\" \/><\/a><\/h3>\n<ul>\n<li>Velocidad regulable electr\u00f3nicamente 300 a 1200Mts\/min.<\/li>\n<li>Rotoconos con motor independiente por tracci\u00f3n directa (sin correas).<\/li>\n<li>Control electr\u00f3nico y configurable de cordones. (Conos perfectos).<\/li>\n<li>Movimiento axial controlado (densidad uniforme).<\/li>\n<li>Paros por falla totalmente electr\u00f3nicos. (Sin movimientos ni desgastes).<\/li>\n<li>Control por panel digital con display.<\/li>\n<li>Muy bajo consumo de energ\u00eda.<\/li>\n<li>Muy bajo nivel de ruido.<\/li>\n<li>Tecnolog\u00eda modular; expandible hasta 48 husos. En m\u00f3dulos de 6 o 12 husos.<\/li>\n<li>Disponible para conos &nbsp;3\u00b030, 4\u00b020\u2019 y tubos.<\/li>\n<li>Disponible para conos de 6&#8243;, 8&#8243;, 10&#8243; de largo.<\/li>\n<li>Alimentaci\u00f3n 3x380Vac 50\/60Hz o 1x220Vac 50\/60Hz (monof\u00e1sica hasta 12 usos)<\/li>\n<\/ul>\n","protected":false},"excerpt":{"rendered":"<p>&nbsp;&nbsp;FLEXIBILIDAD, COMPETITIVIDAD Y ALTA CALIDAD La historia de Corghi SPA comienza en la regi\u00f3n de Emilia, en Italia por el a\u00f1o 1954 cuando los hermanos Corghi fundaron la Corghi elettromeccanica. Ya en el a\u00f1o 1957 fabricaban bobinadoras y reparadoras para la industria&nbsp;textil italiana. Actualmente, basados en los principios que impusieran sus fundadores y en&nbsp;la enorme [&hellip;]<\/p>\n","protected":false},"author":2,"featured_media":26999,"parent":0,"menu_order":0,"comment_status":"open","ping_status":"closed","template":"","meta":{"advanced_seo_description":"","jetpack_seo_html_title":"","jetpack_seo_noindex":false,"jetpack_post_was_ever_published":false,"footnotes":""},"class_list":["post-542","page","type-page","status-publish","has-post-thumbnail","hentry"],"jetpack_shortlink":"https:\/\/wp.me\/P40ZhR-8K","jetpack_sharing_enabled":true,"_links":{"self":[{"href":"https:\/\/www.servotecnica.com.ar\/index.php?rest_route=\/wp\/v2\/pages\/542","targetHints":{"allow":["GET"]}}],"collection":[{"href":"https:\/\/www.servotecnica.com.ar\/index.php?rest_route=\/wp\/v2\/pages"}],"about":[{"href":"https:\/\/www.servotecnica.com.ar\/index.php?rest_route=\/wp\/v2\/types\/page"}],"author":[{"embeddable":true,"href":"https:\/\/www.servotecnica.com.ar\/index.php?rest_route=\/wp\/v2\/users\/2"}],"replies":[{"embeddable":true,"href":"https:\/\/www.servotecnica.com.ar\/index.php?rest_route=%2Fwp%2Fv2%2Fcomments&post=542"}],"version-history":[{"count":10,"href":"https:\/\/www.servotecnica.com.ar\/index.php?rest_route=\/wp\/v2\/pages\/542\/revisions"}],"predecessor-version":[{"id":27428,"href":"https:\/\/www.servotecnica.com.ar\/index.php?rest_route=\/wp\/v2\/pages\/542\/revisions\/27428"}],"wp:featuredmedia":[{"embeddable":true,"href":"https:\/\/www.servotecnica.com.ar\/index.php?rest_route=\/wp\/v2\/media\/26999"}],"wp:attachment":[{"href":"https:\/\/www.servotecnica.com.ar\/index.php?rest_route=%2Fwp%2Fv2%2Fmedia&parent=542"}],"curies":[{"name":"wp","href":"https:\/\/api.w.org\/{rel}","templated":true}]}}