{"id":711,"date":"2013-09-03T01:05:23","date_gmt":"2013-09-03T01:05:23","guid":{"rendered":"http:\/\/maquinasdetejer.wordpress.com\/?page_id=711"},"modified":"2015-07-14T23:59:00","modified_gmt":"2015-07-15T02:59:00","slug":"ems-griltech","status":"publish","type":"page","link":"https:\/\/www.servotecnica.com.ar\/?page_id=711","title":{"rendered":"EMS-GRILTECH"},"content":{"rendered":"<h1 style=\"text-align: center;\"><span style=\"color: #000000;\"><span style=\"color: #ff0000;\">I<\/span>NNOVACI\u00d3N, <span style=\"color: #ff0000;\">L<\/span>IDERAZGO Y <span style=\"color: #ff0000;\">E<\/span>XCELENCIA<\/span><\/h1>\n<p style=\"text-align: justify;\">El grupo EMS es lider mundial en el negocio de los pol\u00edmeros de alto rendimiento y producto qu\u00edmicos de especialidad.<br \/>\nSu ampl\u00edsima experiencia comienza en el a\u00f1o 1936 fabricando alcohol et\u00edlico y ya en el a\u00f1o 1951 fabricaba Caprolactam, materiales pl\u00e1sticos de poliamida y fibras de poliamida.<br \/>\nDesde entonces GRILON\u00ae se convirti\u00f3 en la referencia mundial para las fibras poliamidas y los materiales pl\u00e1sticos de poliamida.<br \/>\nActualmente el holding EMS-CHEMIE HOLDING AG domiciliado en Domat, SUIZA; est\u00e1 compuesto por dos areas de negocios :<br \/>\nEMS-GRIVORY Y EMS EFTEC especializados en poliamidas de alto rendimiento y adhesivos, recubrimientos de aplicaci\u00f3n en la industria automotriz.<br \/>\nY el area de especialidades qu\u00edmicas compuesta por EMS-GRILTECH Y EMS-PATVAG. EMS-GRILTECH est\u00e1 especializada en el desarrollo y producci\u00f3n de fibras e hilados y adhesivos fusibles. EMS-PATVAG se especializa en dispositivos de encendido para airbags.<br \/>\nHoy, basada en estos puntos de enfoque:<br \/>\n&#8211; crecimiento operativo con productos especiales<br \/>\n&#8211; Los pol\u00edmeros de alta performance como actividad principal<br \/>\nel grupo ofrece los mejores y mas innovadores productos en constante desarrollo y con la caracter\u00edstica seriedad suiza.<br \/>\nServotecnica atiende los intereses del area de hilados de EMS-GRILTECH para Argentina. Compartiendo sus objetivos y filosof\u00eda de trabajo.<\/p>\n<p style=\"text-align: justify;\"><strong>\u00a0<\/strong><\/p>\n<h2><a title=\"Hilados termofundibles\" href=\"http:\/\/www.emsgriltech.com\/en\/products-applications\/markets-applications\/bonding-yarns\/applications\/\" target=\"_blank\"><span style=\"color: #ff0000;\">H<span style=\"color: #000000;\">ILOS DE SEPARACI\u00d3N<\/span><\/span><\/a><\/h2>\n<p><a href=\"http:\/\/www.emsgriltech.com\/en\/products-applications\/markets-applications\/bonding-yarns\/applications\/\" target=\"_blank\"><img data-recalc-dims=\"1\" loading=\"lazy\" decoding=\"async\" data-attachment-id=\"688\" data-permalink=\"https:\/\/www.servotecnica.com.ar\/?attachment_id=688\" data-orig-file=\"https:\/\/i0.wp.com\/www.servotecnica.com.ar\/wp-content\/uploads\/2013\/09\/separation_yarn_image.jpg?fit=220%2C174&amp;ssl=1\" data-orig-size=\"220,174\" data-comments-opened=\"1\" data-image-meta=\"{&quot;aperture&quot;:&quot;0&quot;,&quot;credit&quot;:&quot;&quot;,&quot;camera&quot;:&quot;&quot;,&quot;caption&quot;:&quot;&quot;,&quot;created_timestamp&quot;:&quot;0&quot;,&quot;copyright&quot;:&quot;&quot;,&quot;focal_length&quot;:&quot;0&quot;,&quot;iso&quot;:&quot;0&quot;,&quot;shutter_speed&quot;:&quot;0&quot;,&quot;title&quot;:&quot;&quot;}\" data-image-title=\"separation_yarn_image\" data-image-description=\"\" data-image-caption=\"&lt;p&gt;Hilados de alta tecnolg\u00eda&lt;\/p&gt;\n\" data-medium-file=\"https:\/\/i0.wp.com\/www.servotecnica.com.ar\/wp-content\/uploads\/2013\/09\/separation_yarn_image.jpg?fit=220%2C174&amp;ssl=1\" data-large-file=\"https:\/\/i0.wp.com\/www.servotecnica.com.ar\/wp-content\/uploads\/2013\/09\/separation_yarn_image.jpg?fit=220%2C174&amp;ssl=1\" class=\"size-thumbnail wp-image-688  alignright\" title=\"Hilado termofundible\" src=\"http:\/\/maquinasdetejer.files.wordpress.com\/2013\/09\/separation_yarn_image.jpg?w=150&#038;resize=150%2C118\" alt=\"Hilados de alta tecnolg\u00eda\" width=\"150\" height=\"118\" \/><\/a><\/p>\n<p style=\"text-align: justify;\">Un soplo de vapor o aire caliente alcanza para disolver nuestros hilados termofundibles GRILON\u00ae.<\/p>\n<p style=\"text-align: justify;\">La amplia gama de titulos y puntos de fusi\u00f3n facilita el uso con cualquier m\u00e1quina textil de costura o tejido. Son \u00a0 una garant\u00eda para obtener productos de calidad con una notable reducci\u00f3n de mano de obra y tiempo.<\/p>\n<p style=\"text-align: justify;\">Separaci\u00f3n de cuellos y pa\u00f1os, hilvanados, costuras temporales, efectos de perforaci\u00f3n; son solo algunos de los \u00a0 imnumerables aplicaciones de este tipo de hilado termofundible GRILON\u00ae.<\/p>\n<ul>\n<li>Disponible en t\u00edtulos de 75 a 390 dtex<\/li>\n<li>Punto de fusi\u00f3n de 60 a 160 grados cetigrados.<\/li>\n<\/ul>\n<h2 style=\"text-align: justify;\"><\/h2>\n<p>&nbsp;<\/p>\n<h2 style=\"text-align: justify;\"><a title=\"Hilado termo adhesivo\" href=\"http:\/\/www.emsgriltech.com\/en\/products-applications\/markets-applications\/bonding-yarns\/applications\/\" target=\"_blank\"><span style=\"color: #ff0000;\">H<span style=\"color: #000000;\">ILOS TERMOADHESIVOS<\/span><\/span><\/a><a href=\"http:\/\/www.emsgriltech.com\/en\/products-applications\/markets-applications\/bonding-yarns\/applications\/\" target=\"_blank\"><img data-recalc-dims=\"1\" loading=\"lazy\" decoding=\"async\" data-attachment-id=\"639\" data-permalink=\"https:\/\/www.servotecnica.com.ar\/?attachment_id=639\" data-orig-file=\"https:\/\/i0.wp.com\/www.servotecnica.com.ar\/wp-content\/uploads\/2013\/09\/hilos-adhesivos.jpg?fit=220%2C180&amp;ssl=1\" data-orig-size=\"220,180\" data-comments-opened=\"1\" data-image-meta=\"{&quot;aperture&quot;:&quot;0&quot;,&quot;credit&quot;:&quot;&quot;,&quot;camera&quot;:&quot;&quot;,&quot;caption&quot;:&quot;&quot;,&quot;created_timestamp&quot;:&quot;0&quot;,&quot;copyright&quot;:&quot;&quot;,&quot;focal_length&quot;:&quot;0&quot;,&quot;iso&quot;:&quot;0&quot;,&quot;shutter_speed&quot;:&quot;0&quot;,&quot;title&quot;:&quot;&quot;}\" data-image-title=\"Hilos adhesivos\" data-image-description=\"\" data-image-caption=\"\" data-medium-file=\"https:\/\/i0.wp.com\/www.servotecnica.com.ar\/wp-content\/uploads\/2013\/09\/hilos-adhesivos.jpg?fit=220%2C180&amp;ssl=1\" data-large-file=\"https:\/\/i0.wp.com\/www.servotecnica.com.ar\/wp-content\/uploads\/2013\/09\/hilos-adhesivos.jpg?fit=220%2C180&amp;ssl=1\" class=\"size-thumbnail wp-image-639 alignright\" title=\"Hilos termo adhesivos\" src=\"http:\/\/maquinasdetejer.files.wordpress.com\/2013\/09\/hilos-adhesivos.jpg?w=150&#038;resize=150%2C122\" alt=\"Hilos adhesivos\" width=\"150\" height=\"122\" \/><\/a><\/h2>\n<p style=\"text-align: justify;\">Los hilados termoadhesivos GRILON\u00ae son el resultado de la investigaci\u00f3n y el desarrollo para satisfacer la \u00a0 necesidad de un producto auxiliar para la industria textil.<\/p>\n<p style=\"text-align: justify;\">Teniendo la capacidad de modificar su propia estructura a una determinada temperatura -de 60\u00b0C a 180\u00b0C- los \u00a0 hilados termoadhesivos GRILON\u00ae son un instrumento indispensable para las empresas que tienen por objetivo \u00a0 la calidad de sus productos.<\/p>\n<p style=\"text-align: justify;\">Gracias a su poder de encolado, los hilados termoadhesivos\u00a0GRILON\u00ae son de fundamental importancia para la producci\u00f3n de cintas el\u00e1sticas, ropa interior sin costura, hilados fantas\u00eda, etiquetas tejidas, alfombras, etc.<\/p>\n<p style=\"text-align: justify;\">Los hilados termoadhesivos GRILON\u00ae son particularmente apreciados en tejidos con fibra de carbono, de vidrio y de aramida; ofreciendo infinitas posibilidades de uso.<\/p>\n<ul>\n<li>Punto de fusi\u00f3n de 60a 140 grados centigrados.<\/li>\n<li>Disponible en t\u00edtulos de 23 a 840 dtex.<\/li>\n<\/ul>\n<h2><\/h2>\n<p>&nbsp;<\/p>\n<h2><a title=\"Hilados combinados\" href=\"http:\/\/www.emsgriltech.com\/en\/products-applications\/markets-applications\/bonding-yarns\/applications\/\" target=\"_blank\"><span style=\"color: #ff0000;\">H<span style=\"color: #000000;\">ILOS COMBINADOS<\/span><\/span><\/a><a href=\"http:\/\/www.emsgriltech.com\/en\/products-applications\/markets-applications\/bonding-yarns\/applications\/\" target=\"_blank\"><img data-recalc-dims=\"1\" loading=\"lazy\" decoding=\"async\" data-attachment-id=\"913\" data-permalink=\"https:\/\/www.servotecnica.com.ar\/?attachment_id=913\" data-orig-file=\"https:\/\/i0.wp.com\/www.servotecnica.com.ar\/wp-content\/uploads\/2013\/09\/foto13bis.jpg?fit=180%2C226&amp;ssl=1\" data-orig-size=\"180,226\" data-comments-opened=\"1\" data-image-meta=\"{&quot;aperture&quot;:&quot;0&quot;,&quot;credit&quot;:&quot;&quot;,&quot;camera&quot;:&quot;&quot;,&quot;caption&quot;:&quot;&quot;,&quot;created_timestamp&quot;:&quot;0&quot;,&quot;copyright&quot;:&quot;&quot;,&quot;focal_length&quot;:&quot;0&quot;,&quot;iso&quot;:&quot;0&quot;,&quot;shutter_speed&quot;:&quot;0&quot;,&quot;title&quot;:&quot;&quot;}\" data-image-title=\"EMS\" data-image-description=\"\" data-image-caption=\"&lt;p&gt;Hilados t\u00e9cnicos&lt;\/p&gt;\n\" data-medium-file=\"https:\/\/i0.wp.com\/www.servotecnica.com.ar\/wp-content\/uploads\/2013\/09\/foto13bis.jpg?fit=180%2C226&amp;ssl=1\" data-large-file=\"https:\/\/i0.wp.com\/www.servotecnica.com.ar\/wp-content\/uploads\/2013\/09\/foto13bis.jpg?fit=180%2C226&amp;ssl=1\" class=\"size-thumbnail wp-image-913 alignright\" title=\"Hilados combinados\" src=\"https:\/\/i0.wp.com\/www.servotecnica.com.ar\/wp-content\/uploads\/2013\/09\/foto13bis.jpg?resize=119%2C150&#038;ssl=1\" alt=\"foto13bis\" width=\"119\" height=\"150\" \/><\/a><\/h2>\n<p style=\"text-align: justify;\">Los hilos Combi GRILON\u00ae; son el resultado de la torsi\u00f3n de un n\u00facleo de poliester o poliamida con hilo \u00a0termadhesivo \u00a0GRILON \u00ae.<br \/>\nDe \u00e9sta manera se consigue tener un soporte mec\u00e1nico conductor para llevar el pegamento a donde se lo \u00a0 necesita. Una ves hecha la costura o el tej\u00eddo, simplemente se le d\u00e1 calor y se produce el encolado sin perder el \u00a0 soporte que da el hilo normal.<\/p>\n<p style=\"text-align: justify;\">Los hilos GRILON\u00ae COMBI; ofrecen infinitas posibilidades combinaciones y puntos de fusi\u00f3n para cada necesidad.<\/p>\n<p style=\"text-align: justify;\">Entre las aplicaciones mas comunes se encuentran:<\/p>\n<p>Bordados autoadhesivos; remate de encaje de puntilla; prendas de vestir; pantalones (sastrer\u00eda); dobladillos y armado de prendas; guantes para uso industrial; tejidos t\u00e9cnicos de fibra de carbono y vidrio; etc.<\/p>\n<ul>\n<li>DIsponible en titulos de 45 a 1100dtx<\/li>\n<li>Punto de fusi\u00f3n de 85 a 180 grados centigrados.<\/li>\n<\/ul>\n","protected":false},"excerpt":{"rendered":"<p>INNOVACI\u00d3N, LIDERAZGO Y EXCELENCIA El grupo EMS es lider mundial en el negocio de los pol\u00edmeros de alto rendimiento y producto qu\u00edmicos de especialidad. Su ampl\u00edsima experiencia comienza en el a\u00f1o 1936 fabricando alcohol et\u00edlico y ya en el a\u00f1o 1951 fabricaba Caprolactam, materiales pl\u00e1sticos de poliamida y fibras de poliamida. Desde entonces GRILON\u00ae se [&hellip;]<\/p>\n","protected":false},"author":2,"featured_media":815,"parent":0,"menu_order":0,"comment_status":"open","ping_status":"closed","template":"","meta":{"advanced_seo_description":"","jetpack_seo_html_title":"","jetpack_seo_noindex":false,"jetpack_post_was_ever_published":false,"footnotes":""},"class_list":["post-711","page","type-page","status-publish","has-post-thumbnail","hentry"],"jetpack_shortlink":"https:\/\/wp.me\/P40ZhR-bt","jetpack_sharing_enabled":true,"_links":{"self":[{"href":"https:\/\/www.servotecnica.com.ar\/index.php?rest_route=\/wp\/v2\/pages\/711","targetHints":{"allow":["GET"]}}],"collection":[{"href":"https:\/\/www.servotecnica.com.ar\/index.php?rest_route=\/wp\/v2\/pages"}],"about":[{"href":"https:\/\/www.servotecnica.com.ar\/index.php?rest_route=\/wp\/v2\/types\/page"}],"author":[{"embeddable":true,"href":"https:\/\/www.servotecnica.com.ar\/index.php?rest_route=\/wp\/v2\/users\/2"}],"replies":[{"embeddable":true,"href":"https:\/\/www.servotecnica.com.ar\/index.php?rest_route=%2Fwp%2Fv2%2Fcomments&post=711"}],"version-history":[{"count":6,"href":"https:\/\/www.servotecnica.com.ar\/index.php?rest_route=\/wp\/v2\/pages\/711\/revisions"}],"predecessor-version":[{"id":27114,"href":"https:\/\/www.servotecnica.com.ar\/index.php?rest_route=\/wp\/v2\/pages\/711\/revisions\/27114"}],"wp:featuredmedia":[{"embeddable":true,"href":"https:\/\/www.servotecnica.com.ar\/index.php?rest_route=\/wp\/v2\/media\/815"}],"wp:attachment":[{"href":"https:\/\/www.servotecnica.com.ar\/index.php?rest_route=%2Fwp%2Fv2%2Fmedia&parent=711"}],"curies":[{"name":"wp","href":"https:\/\/api.w.org\/{rel}","templated":true}]}}