{"id":721,"date":"2013-09-03T01:11:55","date_gmt":"2013-09-03T01:11:55","guid":{"rendered":"http:\/\/maquinasdetejer.wordpress.com\/?page_id=721"},"modified":"2015-06-21T00:51:12","modified_gmt":"2015-06-21T03:51:12","slug":"fleece","status":"publish","type":"page","link":"https:\/\/www.servotecnica.com.ar\/?page_id=721","title":{"rendered":"KUAN CHUNG"},"content":{"rendered":"<p>&nbsp;<\/p>\n<h2 style=\"text-align: center;\"><span style=\"color: #800000;\"><strong>\u00a0SERIEDAD, CALIDAD Y GARANT\u00cdA DE SATISFACCI\u00d3N<\/strong><\/span><\/h2>\n<h2><\/h2>\n<p style=\"text-align: justify;\">Kuan Chung International Co., Ltd. fue fundada en 1996 en Taipei, Taiw\u00e1n. Desde su comienzo se especializ\u00f3 en la fabricaci\u00f3n de m\u00e1quinas circulares para tejido de punto de alta gama con la mejor tecnolog\u00eda de punto circular.<br \/>\nFormada por un experimentado equipo de t\u00e9cnicos e ingenieros han desarrollado cada modelo con excepcional performance y rendimiento.<br \/>\nLas excelentes cualidades de sus maquinas y la dedicaci\u00f3n de su departamento post venta han hecho de Kuan Chung un proveedor confiable y comprometido.<br \/>\nTodas los modelos cuentan con una plataforma estable y de probada eficiencia.<br \/>\nRobusta bancada para asegurar el funcionamento con minima vibraci\u00f3n a altas RPM.<br \/>\nSistema de transmici\u00f3n de tres ejes. Cilindro montado con insertos. Refinadas levas dise\u00f1adas y fabricadas en CNC para obtener una formaci\u00f3n de malla perfecta.<br \/>\nAgujas y platinas alemanas (Groz Beckert y Kern Liebers) para conseguir m\u00e1xima duraci\u00f3n y m\u00ednimo desperdicio.<br \/>\nTiratela de 128 secciones y sistema de lubricaci\u00f3n Uniwave o Sheng Song.<\/p>\n<h2 style=\"text-align: justify;\"><\/h2>\n<h2><\/h2>\n<h2><a title=\"Single knitting machines\" href=\"http:\/\/www.circularknittingmachinestw.com\/single-knitting-machine.html\" target=\"_blank\"><span style=\"text-decoration: underline;\"><strong><span style=\"color: #800000; text-decoration: underline;\">M\u00e1quinas monofronturas<\/span><\/strong><\/span><\/a><\/h2>\n<h4><strong><a href=\"http:\/\/www.kuanchung.com.tw\/Page\/Page2-1.htm\" target=\"_blank\"><span style=\"color: #800000;\">Simple Jersey &#8211; KCB S3.2 \/ KCB S4<\/span><\/a><\/strong><\/h4>\n<p><span style=\"color: #800000;\"><a href=\"http:\/\/www.kuanchung.com.tw\/Page\/Page2-1.htm\" target=\"_blank\"><img data-recalc-dims=\"1\" loading=\"lazy\" decoding=\"async\" data-attachment-id=\"656\" data-permalink=\"https:\/\/www.servotecnica.com.ar\/?attachment_id=656\" data-orig-file=\"https:\/\/i0.wp.com\/www.servotecnica.com.ar\/wp-content\/uploads\/2013\/09\/singlejerseyp2-1b.jpg?fit=170%2C176&amp;ssl=1\" data-orig-size=\"170,176\" data-comments-opened=\"1\" data-image-meta=\"{&quot;aperture&quot;:&quot;0&quot;,&quot;credit&quot;:&quot;&quot;,&quot;camera&quot;:&quot;&quot;,&quot;caption&quot;:&quot;&quot;,&quot;created_timestamp&quot;:&quot;0&quot;,&quot;copyright&quot;:&quot;&quot;,&quot;focal_length&quot;:&quot;0&quot;,&quot;iso&quot;:&quot;0&quot;,&quot;shutter_speed&quot;:&quot;0&quot;,&quot;title&quot;:&quot;&quot;}\" data-image-title=\"SingleJerseyP2-1b\" data-image-description=\"\" data-image-caption=\"\" data-medium-file=\"https:\/\/i0.wp.com\/www.servotecnica.com.ar\/wp-content\/uploads\/2013\/09\/singlejerseyp2-1b.jpg?fit=170%2C176&amp;ssl=1\" data-large-file=\"https:\/\/i0.wp.com\/www.servotecnica.com.ar\/wp-content\/uploads\/2013\/09\/singlejerseyp2-1b.jpg?fit=170%2C176&amp;ssl=1\" class=\"size-thumbnail wp-image-656 alignright\" title=\"KCB-S3.2\" src=\"http:\/\/maquinasdetejer.files.wordpress.com\/2013\/09\/singlejerseyp2-1b.jpg?w=144&#038;resize=144%2C150\" alt=\"SingleJerseyP2-1b\" width=\"144\" height=\"150\" \/><\/a><\/span><\/p>\n<p>&#8211; 3,2 sistemas por pulgada o 4 sistemas por pulgada.<br \/>\n&#8211; 4 pistas.(Jersey, Piquet, friza, etc.).<br \/>\n&#8211; Control electr\u00f3nico de velocidad y producci\u00f3n.<br \/>\n&#8211; Velocidad 20 &#8211; 32<br \/>\n&#8211; Agujas y platinas alemanas.<br \/>\n&#8211; Control central de graduaciones.<br \/>\n&#8211; Alta eficiencia el\u00e9ctrica (bajo consumo).<br \/>\n&#8211; Disponible en galgas de GG8 a GG42.<br \/>\n&#8211; Disponible en di\u00e1metros de 16&#8243; a 42&#8243;<br \/>\n&#8211; Disponible con sistemas para inserci\u00f3n de lycra.<\/p>\n<h4><span style=\"color: #800000;\"><strong><a title=\"KCB-J3,2\" href=\"http:\/\/www.kuanchung.com.tw\/Page\/Page2-2.htm\" target=\"_blank\"><span style=\"color: #800000;\">Simple Jersey abierto &#8211; KCB J3.2\/KCB J4<\/span><\/a><\/strong><\/span><\/h4>\n<p><span style=\"font-size: 14px;\"><a href=\"http:\/\/www.kuanchung.com.tw\/Page\/Page2-2.htm\" target=\"_blank\"><img data-recalc-dims=\"1\" loading=\"lazy\" decoding=\"async\" data-attachment-id=\"889\" data-permalink=\"https:\/\/www.servotecnica.com.ar\/?attachment_id=889\" data-orig-file=\"https:\/\/i0.wp.com\/www.servotecnica.com.ar\/wp-content\/uploads\/2013\/09\/p2-2b.jpg?fit=170%2C176&amp;ssl=1\" data-orig-size=\"170,176\" data-comments-opened=\"1\" data-image-meta=\"{&quot;aperture&quot;:&quot;0&quot;,&quot;credit&quot;:&quot;&quot;,&quot;camera&quot;:&quot;&quot;,&quot;caption&quot;:&quot;&quot;,&quot;created_timestamp&quot;:&quot;0&quot;,&quot;copyright&quot;:&quot;&quot;,&quot;focal_length&quot;:&quot;0&quot;,&quot;iso&quot;:&quot;0&quot;,&quot;shutter_speed&quot;:&quot;0&quot;,&quot;title&quot;:&quot;&quot;}\" data-image-title=\"P2-2b\" data-image-description=\"\" data-image-caption=\"\" data-medium-file=\"https:\/\/i0.wp.com\/www.servotecnica.com.ar\/wp-content\/uploads\/2013\/09\/p2-2b.jpg?fit=170%2C176&amp;ssl=1\" data-large-file=\"https:\/\/i0.wp.com\/www.servotecnica.com.ar\/wp-content\/uploads\/2013\/09\/p2-2b.jpg?fit=170%2C176&amp;ssl=1\" class=\"size-thumbnail wp-image-889 alignright\" title=\"KCB-J3,2\" src=\"https:\/\/i0.wp.com\/www.servotecnica.com.ar\/wp-content\/uploads\/2013\/09\/p2-2b.jpg?resize=144%2C150&#038;ssl=1\" alt=\"P2-2b\" width=\"144\" height=\"150\" \/><\/a><\/span><\/p>\n<p>&#8211; Sistema de corte continuo (para tela abierta).<br \/>\n&#8211; Tiratela de gran ancho (rollo de tela abierta).<br \/>\n&#8211; 3,2 sistemas por pulgada o 4 sistemas por pulgada.<br \/>\n&#8211; 4 pistas.(Jersey, Piquet, friza, etc.).<br \/>\n&#8211; Control electr\u00f3nico de velocidad y producci\u00f3n.<br \/>\n&#8211; Velocidad 15 &#8211; 32.<br \/>\n&#8211; Agujas y platinas alemanas.<br \/>\n&#8211; Control central de graduaciones.<br \/>\n&#8211; Alta eficiencia el\u00e9ctrica (bajo consumo).<br \/>\n&#8211; Disponible en galgas de GG8 a GG42.<br \/>\n&#8211; Disponible en di\u00e1metros de 30&#8243; a 42&#8243;<br \/>\n&#8211; Disponible con sistemas para inserci\u00f3n de lycra.<\/p>\n<h4><strong><a href=\"http:\/\/www.kuanchung.com.tw\/Page\/Page2-4.htm\" target=\"_blank\"><span style=\"color: #800000;\">Fleece &#8211; KCB F3.2<\/span><\/a><\/strong><\/h4>\n<p><strong><span style=\"color: #800000;\"><a href=\"http:\/\/www.kuanchung.com.tw\/Page\/Page2-4.htm\" target=\"_blank\"><img data-recalc-dims=\"1\" loading=\"lazy\" decoding=\"async\" data-attachment-id=\"658\" data-permalink=\"https:\/\/www.servotecnica.com.ar\/?attachment_id=658\" data-orig-file=\"https:\/\/i0.wp.com\/www.servotecnica.com.ar\/wp-content\/uploads\/2013\/09\/p2-4b.jpg?fit=170%2C176&amp;ssl=1\" data-orig-size=\"170,176\" data-comments-opened=\"1\" data-image-meta=\"{&quot;aperture&quot;:&quot;0&quot;,&quot;credit&quot;:&quot;&quot;,&quot;camera&quot;:&quot;&quot;,&quot;caption&quot;:&quot;&quot;,&quot;created_timestamp&quot;:&quot;0&quot;,&quot;copyright&quot;:&quot;&quot;,&quot;focal_length&quot;:&quot;0&quot;,&quot;iso&quot;:&quot;0&quot;,&quot;shutter_speed&quot;:&quot;0&quot;,&quot;title&quot;:&quot;&quot;}\" data-image-title=\"P2-4b\" data-image-description=\"\" data-image-caption=\"\" data-medium-file=\"https:\/\/i0.wp.com\/www.servotecnica.com.ar\/wp-content\/uploads\/2013\/09\/p2-4b.jpg?fit=170%2C176&amp;ssl=1\" data-large-file=\"https:\/\/i0.wp.com\/www.servotecnica.com.ar\/wp-content\/uploads\/2013\/09\/p2-4b.jpg?fit=170%2C176&amp;ssl=1\" class=\"size-thumbnail wp-image-658 alignright\" title=\"KCB-F3.2\" src=\"http:\/\/maquinasdetejer.files.wordpress.com\/2013\/09\/p2-4b.jpg?w=144&#038;resize=144%2C150\" alt=\"P2-4b\" width=\"144\" height=\"150\" \/><\/a><\/span><\/strong><\/p>\n<p>&#8211; 3,2 sistemas por pulgada.<br \/>\n&#8211; 3 pistas.(friza invisible).<br \/>\n&#8211; Control electr\u00f3nico de velocidad y producci\u00f3n.<br \/>\n&#8211; Velocidad 20 &#8211; 30.<br \/>\n&#8211; Agujas y platinas alemanas.<br \/>\n&#8211; Control central de graduaciones.<br \/>\n&#8211; Alta eficiencia el\u00e9ctrica (bajo consumo).<br \/>\n&#8211; Disponible en galgas de GG16 a GG26.<br \/>\n&#8211; Disponible en di\u00e1metros de 26&#8243; a 42&#8243;<\/p>\n<h2><\/h2>\n<h2><a title=\"Doble knitting machines\" href=\"http:\/\/www.circularknittingmachinestw.com\/double-knitting-machine.html\" target=\"_blank\"><strong><span style=\"text-decoration: underline; color: #800000;\">M\u00e1quinas doble frontura<\/span><\/strong><\/a><\/h2>\n<h4><a title=\"KCB-R1X1\" href=\"http:\/\/www.kuanchung.com.tw\/Page\/Page2-5.htm\" target=\"_blank\"><strong><span style=\"color: #800000;\">KCB-R1X1 \/ D2X2 \/ D2X4<\/span><\/strong><\/a><\/h4>\n<p><a href=\"http:\/\/www.kuanchung.com.tw\/Page\/Page2-5.htm\" target=\"_blank\"><img data-recalc-dims=\"1\" loading=\"lazy\" decoding=\"async\" data-attachment-id=\"657\" data-permalink=\"https:\/\/www.servotecnica.com.ar\/?attachment_id=657\" data-orig-file=\"https:\/\/i0.wp.com\/www.servotecnica.com.ar\/wp-content\/uploads\/2013\/09\/p2-5b.jpg?fit=170%2C176&amp;ssl=1\" data-orig-size=\"170,176\" data-comments-opened=\"1\" data-image-meta=\"{&quot;aperture&quot;:&quot;0&quot;,&quot;credit&quot;:&quot;&quot;,&quot;camera&quot;:&quot;&quot;,&quot;caption&quot;:&quot;&quot;,&quot;created_timestamp&quot;:&quot;0&quot;,&quot;copyright&quot;:&quot;&quot;,&quot;focal_length&quot;:&quot;0&quot;,&quot;iso&quot;:&quot;0&quot;,&quot;shutter_speed&quot;:&quot;0&quot;,&quot;title&quot;:&quot;&quot;}\" data-image-title=\"P2-5b\" data-image-description=\"\" data-image-caption=\"\" data-medium-file=\"https:\/\/i0.wp.com\/www.servotecnica.com.ar\/wp-content\/uploads\/2013\/09\/p2-5b.jpg?fit=170%2C176&amp;ssl=1\" data-large-file=\"https:\/\/i0.wp.com\/www.servotecnica.com.ar\/wp-content\/uploads\/2013\/09\/p2-5b.jpg?fit=170%2C176&amp;ssl=1\" class=\"size-thumbnail wp-image-657 alignright\" title=\"KCB-R1x1\" src=\"http:\/\/maquinasdetejer.files.wordpress.com\/2013\/09\/p2-5b.jpg?w=144&#038;resize=144%2C150\" alt=\"P2-5b\" width=\"144\" height=\"150\" \/><\/a><\/p>\n<p>&#8211; Pistas 2&#215;2 , 4&#215;2 y R1x1<br \/>\n&#8211; 2,8 sistemas por pulgada (Modelo KCB-D2x2)<br \/>\n&#8211; 1,6 sistemas por pulgada (Modelo KCB-R1x1)<br \/>\n&#8211; Diam.*2 + 4 sistemas por pulgada (modelo KCB-D4x2)<br \/>\n&#8211; Velocidad 18 &#8211; 30RPM.<br \/>\n&#8211; Control electr\u00f3nico de velocidad y producci\u00f3n.<br \/>\n&#8211; Agujas y platinas alemanas.<br \/>\n&#8211; Control central de graduaciones.<br \/>\n&#8211; Alta eficiencia el\u00e9ctrica (bajo consumo).<br \/>\n&#8211; Disponible en di\u00e1metros 20&#8243; a 42&#8243;.<br \/>\n&#8211; Disponible en galgas GG16 a GG40 (para Rib-interlock)<br \/>\n&#8211; Disponible en galgas GG16, GG17, GG18, GG19 (para Rib).<\/p>\n<h4><strong><a href=\"http:\/\/www.kuanchung.com.tw\/Page\/Page2-3.htm\" target=\"_blank\"><span style=\"color: #800000;\">KCB-JR1X1 \/ JD2X2 \/ JD2X4<\/span><\/a><\/strong><\/h4>\n<p><strong><a href=\"http:\/\/www.kuanchung.com.tw\/Page\/Page2-3.htm\" target=\"_blank\"><img data-recalc-dims=\"1\" loading=\"lazy\" decoding=\"async\" data-attachment-id=\"901\" data-permalink=\"https:\/\/www.servotecnica.com.ar\/?attachment_id=901\" data-orig-file=\"https:\/\/i0.wp.com\/www.servotecnica.com.ar\/wp-content\/uploads\/2013\/09\/p2-3b.jpg?fit=170%2C176&amp;ssl=1\" data-orig-size=\"170,176\" data-comments-opened=\"1\" data-image-meta=\"{&quot;aperture&quot;:&quot;0&quot;,&quot;credit&quot;:&quot;&quot;,&quot;camera&quot;:&quot;&quot;,&quot;caption&quot;:&quot;&quot;,&quot;created_timestamp&quot;:&quot;0&quot;,&quot;copyright&quot;:&quot;&quot;,&quot;focal_length&quot;:&quot;0&quot;,&quot;iso&quot;:&quot;0&quot;,&quot;shutter_speed&quot;:&quot;0&quot;,&quot;title&quot;:&quot;&quot;}\" data-image-title=\"P2-3b\" data-image-description=\"\" data-image-caption=\"\" data-medium-file=\"https:\/\/i0.wp.com\/www.servotecnica.com.ar\/wp-content\/uploads\/2013\/09\/p2-3b.jpg?fit=170%2C176&amp;ssl=1\" data-large-file=\"https:\/\/i0.wp.com\/www.servotecnica.com.ar\/wp-content\/uploads\/2013\/09\/p2-3b.jpg?fit=170%2C176&amp;ssl=1\" class=\"size-thumbnail wp-image-901 alignright\" title=\"KCB-JR1X1\" src=\"https:\/\/i0.wp.com\/www.servotecnica.com.ar\/wp-content\/uploads\/2013\/09\/p2-3b.jpg?resize=144%2C150&#038;ssl=1\" alt=\"P2-3b\" width=\"144\" height=\"150\" \/><\/a><\/strong><\/p>\n<p>&#8211; Sistema de corte continuo (para tela abierta).<br \/>\n&#8211; Tiratela de gran ancho (rollo de tela abierta).<br \/>\n&#8211; Pistas 2&#215;2 , 4&#215;2 y R1x1<br \/>\n&#8211; 2,8 sistemas por pulgada (Modelo KCB-JD2x2)<br \/>\n&#8211; 1,6 sistemas por pulgada (Modelo KCB-JR1x1)<br \/>\n&#8211; Diam.*2 + 4 sistemas por pulgada (modelo KCB-JD4x2)<br \/>\n&#8211; Velocidad 18 &#8211; 30RPM.<br \/>\n&#8211; Control electr\u00f3nico de velocidad y producci\u00f3n.<br \/>\n&#8211; Agujas y platinas alemanas.<br \/>\n&#8211; Control central de graduaciones.<br \/>\n&#8211; Alta eficiencia el\u00e9ctrica (bajo consumo).<br \/>\n&#8211; Disponible en di\u00e1metros 30&#8243; a 42&#8243;.<br \/>\n&#8211; Disponible en galgas GG8 a GG42 (para Rib-interlock)<\/p>\n<h2><span style=\"text-decoration: underline; color: #800000;\">\u00a0<\/span><\/h2>\n","protected":false},"excerpt":{"rendered":"<p>&nbsp; \u00a0SERIEDAD, CALIDAD Y GARANT\u00cdA DE SATISFACCI\u00d3N Kuan Chung International Co., Ltd. fue fundada en 1996 en Taipei, Taiw\u00e1n. Desde su comienzo se especializ\u00f3 en la fabricaci\u00f3n de m\u00e1quinas circulares para tejido de punto de alta gama con la mejor tecnolog\u00eda de punto circular. Formada por un experimentado equipo de t\u00e9cnicos e ingenieros han desarrollado [&hellip;]<\/p>\n","protected":false},"author":2,"featured_media":826,"parent":0,"menu_order":0,"comment_status":"open","ping_status":"closed","template":"","meta":{"advanced_seo_description":"","jetpack_seo_html_title":"","jetpack_seo_noindex":false,"jetpack_post_was_ever_published":false,"footnotes":""},"class_list":["post-721","page","type-page","status-publish","has-post-thumbnail","hentry"],"jetpack_shortlink":"https:\/\/wp.me\/P40ZhR-bD","jetpack_sharing_enabled":true,"_links":{"self":[{"href":"https:\/\/www.servotecnica.com.ar\/index.php?rest_route=\/wp\/v2\/pages\/721","targetHints":{"allow":["GET"]}}],"collection":[{"href":"https:\/\/www.servotecnica.com.ar\/index.php?rest_route=\/wp\/v2\/pages"}],"about":[{"href":"https:\/\/www.servotecnica.com.ar\/index.php?rest_route=\/wp\/v2\/types\/page"}],"author":[{"embeddable":true,"href":"https:\/\/www.servotecnica.com.ar\/index.php?rest_route=\/wp\/v2\/users\/2"}],"replies":[{"embeddable":true,"href":"https:\/\/www.servotecnica.com.ar\/index.php?rest_route=%2Fwp%2Fv2%2Fcomments&post=721"}],"version-history":[{"count":5,"href":"https:\/\/www.servotecnica.com.ar\/index.php?rest_route=\/wp\/v2\/pages\/721\/revisions"}],"predecessor-version":[{"id":27118,"href":"https:\/\/www.servotecnica.com.ar\/index.php?rest_route=\/wp\/v2\/pages\/721\/revisions\/27118"}],"wp:featuredmedia":[{"embeddable":true,"href":"https:\/\/www.servotecnica.com.ar\/index.php?rest_route=\/wp\/v2\/media\/826"}],"wp:attachment":[{"href":"https:\/\/www.servotecnica.com.ar\/index.php?rest_route=%2Fwp%2Fv2%2Fmedia&parent=721"}],"curies":[{"name":"wp","href":"https:\/\/api.w.org\/{rel}","templated":true}]}}