{"id":98,"date":"2013-09-02T22:41:24","date_gmt":"2013-09-02T22:41:24","guid":{"rendered":"http:\/\/maquinasdetejer.wordpress.com\/?page_id=98"},"modified":"2015-06-21T00:52:44","modified_gmt":"2015-06-21T03:52:44","slug":"sitex-2","status":"publish","type":"page","link":"https:\/\/www.servotecnica.com.ar\/?page_id=98","title":{"rendered":"Sitex"},"content":{"rendered":"<h3 style=\"text-align: center;\"><\/h3>\n<h3 style=\"text-align: center;\">\u00a0<strong><span style=\"color: #000000; font-size: 1.5em;\">EVOLUCI\u00d3N, ASISTENCIA Y COMPROMISO<\/span><\/strong><\/h3>\n<p style=\"text-align: justify;\">Sitex nace en Uruguay en el a\u00f1o 1998 de la mano de los hermanos Podhajny.<br \/>\nDesde el comienzo toda su dedicaci\u00f3n estuvo enfocada en el dise\u00f1o de sistemas de programaci\u00f3n que hicieran mas f\u00e1cil y eficiente esa tarea; que por entonces resultaba tediosa y exclusiva de los mas experimentados.<br \/>\nActualmente, toda esa experiencia ganada con trabajo y productos exitosos, se refleja en los sistemas vigentes: simples, eficientes y productivos.<br \/>\nServotecnica acompa\u00f1a el desarrollo de Sitex en Argentina atendiendo comercial y t\u00e9cnicamente a todos sus clientes.<\/p>\n<h3><span style=\"text-decoration: underline;\"><span style=\"color: #cc99ff; text-decoration: underline;\">Sistemas para m\u00e1quinas STOLL<\/span><\/span><\/h3>\n<h4><\/h4>\n<h4><span style=\"color: #000000;\"><a title=\"ST3\" href=\"http:\/\/www.sitex.com.uy\/st3\/\" target=\"_blank\"><span style=\"color: #000000;\">ST3<\/span><\/a><a href=\"http:\/\/www.sitex.com.uy\/st3\/\" target=\"_blank\"><img data-recalc-dims=\"1\" loading=\"lazy\" decoding=\"async\" data-attachment-id=\"689\" data-permalink=\"https:\/\/www.servotecnica.com.ar\/?attachment_id=689\" data-orig-file=\"https:\/\/i0.wp.com\/www.servotecnica.com.ar\/wp-content\/uploads\/2013\/09\/st31.png?fit=164%2C124&amp;ssl=1\" data-orig-size=\"164,124\" data-comments-opened=\"1\" data-image-meta=\"{&quot;aperture&quot;:&quot;0&quot;,&quot;credit&quot;:&quot;&quot;,&quot;camera&quot;:&quot;&quot;,&quot;caption&quot;:&quot;&quot;,&quot;created_timestamp&quot;:&quot;0&quot;,&quot;copyright&quot;:&quot;&quot;,&quot;focal_length&quot;:&quot;0&quot;,&quot;iso&quot;:&quot;0&quot;,&quot;shutter_speed&quot;:&quot;0&quot;,&quot;title&quot;:&quot;&quot;}\" data-image-title=\"st3\" data-image-description=\"\" data-image-caption=\"\" data-medium-file=\"https:\/\/i0.wp.com\/www.servotecnica.com.ar\/wp-content\/uploads\/2013\/09\/st31.png?fit=164%2C124&amp;ssl=1\" data-large-file=\"https:\/\/i0.wp.com\/www.servotecnica.com.ar\/wp-content\/uploads\/2013\/09\/st31.png?fit=164%2C124&amp;ssl=1\" class=\"size-thumbnail wp-image-689 alignright\" title=\"ST3\" src=\"http:\/\/maquinasdetejer.files.wordpress.com\/2013\/09\/st31.png?w=150&#038;resize=150%2C113\" alt=\"st3\" width=\"150\" height=\"113\" \/><\/a><\/span><\/h4>\n<p style=\"text-align: justify;\">Sistema de programaci\u00f3n 100% autom\u00e1tico para toda la l\u00ednea de m\u00e1quinas STOLL. Programe en forma r\u00e1pida y segura todo tipo de puntos y formas desde cualquier PC standard. Incluye un potente simulador de tejido que le permite ver la malla aguja por aguja y pasada por pasada sin necesidad de gastar hilado ni ocupar tiempo de m\u00e1quina mientras realiza sus muestras.<br \/>\nComuniquese con sus m\u00e1quinas en forma directa con la PC, sin necesidad de utilizar ning\u00fan otro equipo como Selan, tarjetas de memoria o disketes.<\/p>\n<h4><a title=\"STLINK\" href=\"http:\/\/www.sitex.com.uy\/stlink\/\" target=\"_blank\"><span style=\"color: #000000;\">STLINK<\/span><\/a><a href=\"http:\/\/www.sitex.com.uy\/stlink\/\" target=\"_blank\"><img data-recalc-dims=\"1\" loading=\"lazy\" decoding=\"async\" data-attachment-id=\"702\" data-permalink=\"https:\/\/www.servotecnica.com.ar\/?attachment_id=702\" data-orig-file=\"https:\/\/i0.wp.com\/www.servotecnica.com.ar\/wp-content\/uploads\/2013\/09\/stlink1.png?fit=164%2C124&amp;ssl=1\" data-orig-size=\"164,124\" data-comments-opened=\"1\" data-image-meta=\"{&quot;aperture&quot;:&quot;0&quot;,&quot;credit&quot;:&quot;&quot;,&quot;camera&quot;:&quot;&quot;,&quot;caption&quot;:&quot;&quot;,&quot;created_timestamp&quot;:&quot;0&quot;,&quot;copyright&quot;:&quot;&quot;,&quot;focal_length&quot;:&quot;0&quot;,&quot;iso&quot;:&quot;0&quot;,&quot;shutter_speed&quot;:&quot;0&quot;,&quot;title&quot;:&quot;&quot;}\" data-image-title=\"stlink\" data-image-description=\"\" data-image-caption=\"\" data-medium-file=\"https:\/\/i0.wp.com\/www.servotecnica.com.ar\/wp-content\/uploads\/2013\/09\/stlink1.png?fit=164%2C124&amp;ssl=1\" data-large-file=\"https:\/\/i0.wp.com\/www.servotecnica.com.ar\/wp-content\/uploads\/2013\/09\/stlink1.png?fit=164%2C124&amp;ssl=1\" class=\"size-thumbnail wp-image-702 alignright\" title=\"STLINK\" src=\"http:\/\/maquinasdetejer.files.wordpress.com\/2013\/09\/stlink1.png?w=150&#038;resize=150%2C113\" alt=\"stlink\" width=\"150\" height=\"113\" \/><\/a><\/h4>\n<p style=\"text-align: justify;\">Programa de conexi\u00f3n y monitoreo para toda la l\u00ednea de m\u00e1quinas STOLL.<br \/>\nLe permite monitorear y comandar la m\u00e1quina desde la PC.Le permite conectarse a cualquier m\u00e1quina Stoll a trav\u00e9s del puerto serie &#8211; USB de su computadora PC. Evitando el uso de las costosas cintas perforadas, memory cards, equipos como el Selan, etc. No necesita ning\u00fan hardware adicional.<br \/>\nEnvia y recepciona Sintral, Jacquard o l\u00edneas parciales indicadas.<br \/>\nPuede conectar tantas m\u00e1quinas como puertos tenga su computador.<br \/>\nAlmacena m\u00e1s de 200.000 programas en forma ordenada en el disco de la computadora. Idioma configurable (Ingles\/Portugues\/Espa\u00f1ol).<\/p>\n<p style=\"text-align: justify;\">Funciona con todos los modelos de m\u00e1quinas STOLL.<\/p>\n<h4><a title=\"BOOT-PR\" href=\"http:\/\/www.sitex.com.uy\/bootprboard\/\" target=\"_blank\"><span style=\"color: #000000;\">BOOT-PR BOARD<\/span><\/a><a href=\"http:\/\/www.sitex.com.uy\/bootprboard\/\" target=\"_blank\"><img data-recalc-dims=\"1\" loading=\"lazy\" decoding=\"async\" data-attachment-id=\"749\" data-permalink=\"https:\/\/www.servotecnica.com.ar\/?attachment_id=749\" data-orig-file=\"https:\/\/i0.wp.com\/www.servotecnica.com.ar\/wp-content\/uploads\/2013\/09\/no-boot-tapes.png?fit=300%2C278&amp;ssl=1\" data-orig-size=\"300,278\" data-comments-opened=\"1\" data-image-meta=\"{&quot;aperture&quot;:&quot;0&quot;,&quot;credit&quot;:&quot;&quot;,&quot;camera&quot;:&quot;&quot;,&quot;caption&quot;:&quot;&quot;,&quot;created_timestamp&quot;:&quot;0&quot;,&quot;copyright&quot;:&quot;&quot;,&quot;focal_length&quot;:&quot;0&quot;,&quot;iso&quot;:&quot;0&quot;,&quot;shutter_speed&quot;:&quot;0&quot;,&quot;title&quot;:&quot;&quot;}\" data-image-title=\"no-boot-tapes\" data-image-description=\"\" data-image-caption=\"&lt;p&gt;NO MAS CINTAS!&lt;\/p&gt;\n\" data-medium-file=\"https:\/\/i0.wp.com\/www.servotecnica.com.ar\/wp-content\/uploads\/2013\/09\/no-boot-tapes.png?fit=300%2C278&amp;ssl=1\" data-large-file=\"https:\/\/i0.wp.com\/www.servotecnica.com.ar\/wp-content\/uploads\/2013\/09\/no-boot-tapes.png?fit=300%2C278&amp;ssl=1\" class=\"size-thumbnail wp-image-749 alignright\" title=\"BOOT-PR\" src=\"http:\/\/maquinasdetejer.files.wordpress.com\/2013\/09\/no-boot-tapes.png?w=150&#038;resize=150%2C139\" alt=\"no-boot-tapes\" width=\"150\" height=\"139\" \/><\/a><\/h4>\n<p style=\"text-align: justify;\">BOOT electronico!!!<\/p>\n<p style=\"text-align: justify;\">La \u201cBOOT-PR\u201d es una placa que permite enviar las cintas de BOOT y archivos con formato PR (programas de tejido) a las m\u00e1quina Stoll<\/p>\n<ul style=\"text-align: justify;\">\n<li>CPU ST111 \u2013&gt; ANVH-B \/ ANVH-BL \/ ANVH-BLM \/CNCA-3B \/ CNCA-3BM \/ CNCA-3KT<\/li>\n<li>\u00a0CPU FALCON \u2013&gt; ANVH-B \/ ANVH-BL \/ CNCA-3B \/ CNCA-3BM<\/li>\n<\/ul>\n<p style=\"text-align: justify;\">Con esta placa nunca m\u00e1s perder\u00e1 tiempo para bootear la m\u00e1quina.<br \/>\nNunca m\u00e1s lidiar\u00e1 con las cintas perforadas.<\/p>\n<h4 style=\"text-align: justify;\"><span style=\"color: #000000;\"><a title=\"TAPE-BOARD\" href=\"http:\/\/www.sitex.com.uy\/tape-board\/\" target=\"_blank\"><span style=\"color: #000000;\">TAPE-BOARD<\/span><\/a><a href=\"http:\/\/www.sitex.com.uy\/tape-board\/\" target=\"_blank\"><img data-recalc-dims=\"1\" loading=\"lazy\" decoding=\"async\" data-attachment-id=\"929\" data-permalink=\"https:\/\/www.servotecnica.com.ar\/?attachment_id=929\" data-orig-file=\"https:\/\/i0.wp.com\/www.servotecnica.com.ar\/wp-content\/uploads\/2013\/09\/tape-board.jpg?fit=300%2C203&amp;ssl=1\" data-orig-size=\"300,203\" data-comments-opened=\"1\" data-image-meta=\"{&quot;aperture&quot;:&quot;0&quot;,&quot;credit&quot;:&quot;&quot;,&quot;camera&quot;:&quot;&quot;,&quot;caption&quot;:&quot;&quot;,&quot;created_timestamp&quot;:&quot;0&quot;,&quot;copyright&quot;:&quot;&quot;,&quot;focal_length&quot;:&quot;0&quot;,&quot;iso&quot;:&quot;0&quot;,&quot;shutter_speed&quot;:&quot;0&quot;,&quot;title&quot;:&quot;&quot;}\" data-image-title=\"Tape-Board\" data-image-description=\"\" data-image-caption=\"\" data-medium-file=\"https:\/\/i0.wp.com\/www.servotecnica.com.ar\/wp-content\/uploads\/2013\/09\/tape-board.jpg?fit=300%2C203&amp;ssl=1\" data-large-file=\"https:\/\/i0.wp.com\/www.servotecnica.com.ar\/wp-content\/uploads\/2013\/09\/tape-board.jpg?fit=300%2C203&amp;ssl=1\" class=\"size-thumbnail wp-image-929 alignright\" title=\"TAPE-BOARD\" src=\"https:\/\/i0.wp.com\/www.servotecnica.com.ar\/wp-content\/uploads\/2013\/09\/tape-board.jpg?resize=150%2C101&#038;ssl=1\" alt=\"Tape-Board\" width=\"150\" height=\"101\" \/><\/a><\/span><\/h4>\n<p style=\"text-align: justify;\">Elimine definitivamente las cintas de mandos y jaquard de sus maquinas ANV \/ ANVH. La placa TAPE BOARD fue desarrollada para eliminar la necesidad de utilizaci\u00f3n de cintas perforadas (mandos, acumulador de muestra y distribuci\u00f3n de agujas) en las m\u00e1quinas ANVH disminuyendo los costos por programa, eliminando los problemas generados por el desgaste de las cintas y de los sensores del lector, as\u00ed como tambi\u00e9n para facilitar la creaci\u00f3n de nuevos programas Este sistema se basa en una placa con microprocesador, \u00a0memoria y comunicaci\u00f3n serial que reemplaza a la veja placa original #3. El microprocesador de la placa TAPE BOARD se comunica con la PC a trav\u00e9s del sistema STLINK, de donde obtiene el programa para tejer y lo almacena en su memoria. A partir del cual generar\u00e1 las se\u00f1ales para los mandos de la m\u00e1quina, distribuci\u00f3n de agujas y acumulador de muestra.<\/p>\n<h3><span style=\"text-decoration: underline;\"><span style=\"color: #ff6600; text-decoration: underline;\">Sistemas para m\u00e1quinas UNIVERSAL<\/span><\/span><\/h3>\n<h4><\/h4>\n<h4><a title=\"MC3\" href=\"http:\/\/www.sitex.com.uy\/mc3\/\" target=\"_blank\"><span style=\"color: #000000;\">MC3<\/span><\/a><a href=\"http:\/\/www.sitex.com.uy\/mc3\/\" target=\"_blank\"><img data-recalc-dims=\"1\" loading=\"lazy\" decoding=\"async\" data-attachment-id=\"130\" data-permalink=\"https:\/\/www.servotecnica.com.ar\/?attachment_id=130\" data-orig-file=\"https:\/\/i0.wp.com\/www.servotecnica.com.ar\/wp-content\/uploads\/2013\/09\/mc3.png?fit=164%2C124&amp;ssl=1\" data-orig-size=\"164,124\" data-comments-opened=\"1\" data-image-meta=\"{&quot;aperture&quot;:&quot;0&quot;,&quot;credit&quot;:&quot;&quot;,&quot;camera&quot;:&quot;&quot;,&quot;caption&quot;:&quot;&quot;,&quot;created_timestamp&quot;:&quot;0&quot;,&quot;copyright&quot;:&quot;&quot;,&quot;focal_length&quot;:&quot;0&quot;,&quot;iso&quot;:&quot;0&quot;,&quot;shutter_speed&quot;:&quot;0&quot;,&quot;title&quot;:&quot;&quot;}\" data-image-title=\"MC3\" data-image-description=\"\" data-image-caption=\"\" data-medium-file=\"https:\/\/i0.wp.com\/www.servotecnica.com.ar\/wp-content\/uploads\/2013\/09\/mc3.png?fit=164%2C124&amp;ssl=1\" data-large-file=\"https:\/\/i0.wp.com\/www.servotecnica.com.ar\/wp-content\/uploads\/2013\/09\/mc3.png?fit=164%2C124&amp;ssl=1\" class=\"size-thumbnail wp-image-130 alignright\" title=\"MC3\" src=\"http:\/\/maquinasdetejer.files.wordpress.com\/2013\/09\/mc3.png?w=150&#038;resize=150%2C113\" alt=\"MC3\" width=\"150\" height=\"113\" \/><\/a><\/h4>\n<p style=\"text-align: justify;\">Sistema de programaci\u00f3n 100% autom\u00e1tico, genera los programas m\u00e1s eficientemente y mucho m\u00e1s r\u00e1pido que un programador experto.<br \/>\nGenera el programa a partir de un simple dibujo esquem\u00e1tico, donde usted mismo define donde trabajan las variables en el alto y en el ancho. Los dise\u00f1os se realizan pegando esquemas directamente de una librer\u00eda muy completa utilizando un set de herramientas de dise\u00f1o especificamente desarrolladas para el \u00e1rea textil. Generaci\u00f3n del programa 100% autom\u00e1tica. No necesita tener conocimientos de programaci\u00f3n para realizar todo tipo de programas.<br \/>\nSeguridad para tejer pues posee un revolucionario test que asegura la NO rotura de agujas, centrados correctos etc. Econom\u00eda de tiempo, insumos y materia prima.<br \/>\nSi lo desea tambien puede programar a la antigua o realizar modificaciones en forma manual de los programas generados.<br \/>\nCompatible con toda la l\u00ednea MC600 y MC200.<\/p>\n<h4 style=\"text-align: justify;\"><a title=\"CASETERO600\" href=\"http:\/\/www.sitex.com.uy\/casetero600\/\"><span style=\"color: #000000;\">CASETERO600<\/span><\/a><a href=\"http:\/\/www.sitex.com.uy\/casetero600\/\" target=\"_blank\"><img data-recalc-dims=\"1\" loading=\"lazy\" decoding=\"async\" data-attachment-id=\"697\" data-permalink=\"https:\/\/www.servotecnica.com.ar\/?attachment_id=697\" data-orig-file=\"https:\/\/i0.wp.com\/www.servotecnica.com.ar\/wp-content\/uploads\/2013\/09\/cas6001.png?fit=164%2C124&amp;ssl=1\" data-orig-size=\"164,124\" data-comments-opened=\"1\" data-image-meta=\"{&quot;aperture&quot;:&quot;0&quot;,&quot;credit&quot;:&quot;&quot;,&quot;camera&quot;:&quot;&quot;,&quot;caption&quot;:&quot;&quot;,&quot;created_timestamp&quot;:&quot;0&quot;,&quot;copyright&quot;:&quot;&quot;,&quot;focal_length&quot;:&quot;0&quot;,&quot;iso&quot;:&quot;0&quot;,&quot;shutter_speed&quot;:&quot;0&quot;,&quot;title&quot;:&quot;&quot;}\" data-image-title=\"cas600\" data-image-description=\"\" data-image-caption=\"\" data-medium-file=\"https:\/\/i0.wp.com\/www.servotecnica.com.ar\/wp-content\/uploads\/2013\/09\/cas6001.png?fit=164%2C124&amp;ssl=1\" data-large-file=\"https:\/\/i0.wp.com\/www.servotecnica.com.ar\/wp-content\/uploads\/2013\/09\/cas6001.png?fit=164%2C124&amp;ssl=1\" class=\"size-thumbnail wp-image-697 alignright\" title=\"CASETERO600\" src=\"http:\/\/maquinasdetejer.files.wordpress.com\/2013\/09\/cas6001.png?w=150&#038;resize=150%2C113\" alt=\"cas600\" width=\"150\" height=\"113\" \/><\/a><\/h4>\n<p style=\"text-align: justify;\">Es un sistema que permite enviar\/recibir y modificar programas de tricotado a las m\u00e1quinas Universal serie 600 (610, 611, 612, 613, 623, 699, 640, 642, 643, 222) eliminando el antiguo y obsoleto casetero y todos los problemas que trae con el.<br \/>\nAlmacena mas de 100.000 programas en forma ordenada en el disco de la computadora. Incluye un editor de SZFNAW y un peque\u00f1o editor gr\u00e1fico para dibujar las T con el mouse.<br \/>\nSe puede instalar en un PC est\u00e1ndar que no tiene porqu\u00e9 ser dedicado al sistema. Y se conecta con la rectil\u00ednea a trav\u00e9s del puerto serie\/USB.<br \/>\nGuarda los datos de la comunicaci\u00f3n con las m\u00e1quinas, permitiendo tener un control preciso de la producci\u00f3n.<\/p>\n","protected":false},"excerpt":{"rendered":"<p>\u00a0EVOLUCI\u00d3N, ASISTENCIA Y COMPROMISO Sitex nace en Uruguay en el a\u00f1o 1998 de la mano de los hermanos Podhajny. Desde el comienzo toda su dedicaci\u00f3n estuvo enfocada en el dise\u00f1o de sistemas de programaci\u00f3n que hicieran mas f\u00e1cil y eficiente esa tarea; que por entonces resultaba tediosa y exclusiva de los mas experimentados. Actualmente, toda [&hellip;]<\/p>\n","protected":false},"author":2,"featured_media":944,"parent":0,"menu_order":0,"comment_status":"open","ping_status":"closed","template":"","meta":{"advanced_seo_description":"","jetpack_seo_html_title":"","jetpack_seo_noindex":false,"jetpack_post_was_ever_published":false,"footnotes":""},"class_list":["post-98","page","type-page","status-publish","has-post-thumbnail","hentry"],"jetpack_shortlink":"https:\/\/wp.me\/P40ZhR-1A","jetpack_sharing_enabled":true,"_links":{"self":[{"href":"https:\/\/www.servotecnica.com.ar\/index.php?rest_route=\/wp\/v2\/pages\/98","targetHints":{"allow":["GET"]}}],"collection":[{"href":"https:\/\/www.servotecnica.com.ar\/index.php?rest_route=\/wp\/v2\/pages"}],"about":[{"href":"https:\/\/www.servotecnica.com.ar\/index.php?rest_route=\/wp\/v2\/types\/page"}],"author":[{"embeddable":true,"href":"https:\/\/www.servotecnica.com.ar\/index.php?rest_route=\/wp\/v2\/users\/2"}],"replies":[{"embeddable":true,"href":"https:\/\/www.servotecnica.com.ar\/index.php?rest_route=%2Fwp%2Fv2%2Fcomments&post=98"}],"version-history":[{"count":4,"href":"https:\/\/www.servotecnica.com.ar\/index.php?rest_route=\/wp\/v2\/pages\/98\/revisions"}],"predecessor-version":[{"id":27120,"href":"https:\/\/www.servotecnica.com.ar\/index.php?rest_route=\/wp\/v2\/pages\/98\/revisions\/27120"}],"wp:featuredmedia":[{"embeddable":true,"href":"https:\/\/www.servotecnica.com.ar\/index.php?rest_route=\/wp\/v2\/media\/944"}],"wp:attachment":[{"href":"https:\/\/www.servotecnica.com.ar\/index.php?rest_route=%2Fwp%2Fv2%2Fmedia&parent=98"}],"curies":[{"name":"wp","href":"https:\/\/api.w.org\/{rel}","templated":true}]}}